{"id":31817,"date":"2022-02-19T11:36:41","date_gmt":"2022-02-19T10:36:41","guid":{"rendered":"http:\/\/dev-x-pyr.com\/historia\/"},"modified":"2026-01-25T12:00:39","modified_gmt":"2026-01-25T11:00:39","slug":"historia","status":"publish","type":"page","link":"http:\/\/dev-x-pyr.com\/es\/historia\/","title":{"rendered":"Historia"},"content":{"rendered":"<p><img decoding=\"async\" src=\"\/wp-content\/uploads\/2022\/02\/hero_home_pirineos-scaled.jpg\" alt=\"\"><\/p>\n<h1>Un poco de historia<\/h1>\n<div>\n<p>        <img decoding=\"async\" src=\"\/wp-content\/uploads\/2022\/02\/day5-2.jpg\" alt=\"\"><\/p>\n<\/div>\n<h1>Ediciones anteriores de la X-Pyr<\/h1>\n<h1>Escoge la edici\u00f3n de la X-Pyr que te interese<\/h1>\n<ul>\n<li>\n<p>        <img decoding=\"async\" src=\"\/img\/logos\/x-pyr\/logo_X-Pyr_azul_verde2012.svg\" alt=\"\"><\/p>\n<h1>2012<\/h1>\n<p><a href=\"http:\/\/dev-x-pyr.com\/es\/historia\/2012-h\/\"><\/a><\/p>\n<\/li>\n<li>\n<p>        <img decoding=\"async\" src=\"\/img\/logos\/x-pyr\/logo_X-Pyr_azul_verde2014.svg\" alt=\"\"><\/p>\n<h1>2014<\/h1>\n<p><a href=\"http:\/\/dev-x-pyr.com\/es\/historia\/2014-h\/\"><\/a><\/p>\n<\/li>\n<li>\n<p>        <img decoding=\"async\" src=\"\/img\/logos\/x-pyr\/logo_X-Pyr_azul_verde2016.svg\" alt=\"\"><\/p>\n<h1>2016<\/h1>\n<p><a href=\"http:\/\/dev-x-pyr.com\/es\/historia\/2016-h\/\"><\/a><\/p>\n<\/li>\n<li>\n<p>        <img decoding=\"async\" src=\"\/img\/logos\/x-pyr\/logo_X-Pyr_azul_verde2018.svg\" alt=\"\"><\/p>\n<h1>2018<\/h1>\n<p><a href=\"http:\/\/dev-x-pyr.com\/es\/historia\/2018-h\/\"><\/a><\/p>\n<\/li>\n<li>\n<p>        <img decoding=\"async\" src=\"\/img\/logos\/x-pyr\/logo_X-Pyr_azul_verde2020.svg\" alt=\"\"><\/p>\n<h1>2020<\/h1>\n<p><a href=\"http:\/\/dev-x-pyr.com\/es\/historia\/2020-h\/\"><\/a><\/p>\n<\/li>\n<li>\n<p>        <img decoding=\"async\" src=\"\/img\/logos\/x-pyr\/logo_X-Pyr_azul_verde2022.svg\" alt=\"\"><\/p>\n<h1>2022<\/h1>\n<p><a href=\"http:\/\/dev-x-pyr.com\/es\/historia\/2022-h\/\"><\/a><\/p>\n<\/li>\n<li>\n<p>        <img decoding=\"async\" src=\"\/img\/logos\/x-pyr\/logo_X-Pyr_azul_verde2024.svg\" alt=\"\"><\/p>\n<h1>2024<\/h1>\n<p><a href=\"http:\/\/dev-x-pyr.com\/es\/historia\/2024-h\/\"><\/a><\/p>\n<\/li>\n<\/ul>\n<div>\n<p>        <img decoding=\"async\" src=\"\/wp-content\/uploads\/2022\/02\/0b-e1644697549905.jpg\" alt=\"\u00cd\u00f1igo Red\u00edn, director de carrera\"><\/p>\n<h2>Hey!, mira  <br class=\"uk-visible@m\"> <span class=\"uk-text-secondary\">qu\u00e9 pas\u00f3<\/span><\/h2>\n<\/div>\n<p><p>\n        <a href=\"http:\/\/dev-x-pyr.com\/es\/diario\/\">All News<\/a>\n    <\/p>\n<\/p>\n<div>\n<\/div>\n<p><!--more--><br \/>\n<!-- {\"type\":\"layout\",\"children\":[{\"type\":\"section\",\"props\":{\"image_height\":\"800\",\"image_position\":\"bottom-center\",\"padding_bottom\":\"none\",\"padding_top\":\"none\",\"style\":\"default\",\"title_breakpoint\":\"xl\",\"title_position\":\"top-left\",\"title_rotation\":\"left\",\"vertical_align\":\"\",\"width\":\"\"},\"children\":[{\"type\":\"row\",\"children\":[{\"type\":\"column\",\"props\":{\"image_position\":\"center-center\",\"position_sticky_breakpoint\":\"m\"},\"children\":[{\"type\":\"image\",\"props\":{\"image\":\"wp-content\/uploads\/2022\/02\/hero_home_pirineos-scaled.jpg\",\"image_height\":\"600\",\"image_svg_color\":\"emphasis\",\"image_width\":\"2500\",\"margin_bottom\":\"default\",\"margin_top\":\"default\"}}]}]}]},{\"type\":\"section\",\"props\":{\"image_height\":\"400\",\"image_position\":\"top-center\",\"image_width\":\"2500\",\"padding_bottom\":\"none\",\"padding_top\":\"none\",\"style\":\"muted\",\"title\":\"History\",\"title_breakpoint\":\"xl\",\"title_position\":\"center-left\",\"title_rotation\":\"left\",\"vertical_align\":\"\",\"width\":\"\"},\"children\":[{\"type\":\"row\",\"props\":{\"margin_bottom\":\"remove\",\"margin_top\":\"medium\"},\"children\":[{\"type\":\"column\",\"props\":{\"image_position\":\"center-center\",\"position_sticky_breakpoint\":\"m\",\"style\":\"tile-default\"},\"children\":[{\"type\":\"headline\",\"props\":{\"content\":\"Un poco de historia\",\"image_align\":\"left\",\"image_margin\":\"xsmall\",\"title_element\":\"h1\"}},{\"type\":\"panel\",\"props\":{\"content_column\":\"1-2\",\"content_column_breakpoint\":\"m\",\"content_column_divider\":true,\"image\":\"wp-content\/uploads\/2022\/02\/day5-2.jpg\",\"image_align\":\"right\",\"image_grid_breakpoint\":\"m\",\"image_grid_width\":\"1-3\",\"image_svg_color\":\"emphasis\",\"link_style\":\"default\",\"link_text\":\"Read more\",\"margin_bottom\":\"remove\",\"margin_top\":\"default\",\"meta_align\":\"below-title\",\"meta_element\":\"div\",\"meta_style\":\"text-meta\",\"panel_image_no_padding\":true,\"panel_padding\":\"large\",\"panel_style\":\"tile-default\",\"status\":\"disabled\",\"title_align\":\"top\",\"title_element\":\"h3\",\"title_grid_breakpoint\":\"m\",\"title_grid_width\":\"1-2\",\"title_hover_style\":\"reset\"},\"source\":{\"query\":{\"name\":\"posts.customPost\",\"arguments\":{\"terms\":[],\"category_operator\":\"IN\",\"post_tag_operator\":\"IN\",\"users\":[],\"users_operator\":\"IN\",\"offset\":0,\"order\":\"date\",\"order_direction\":\"DESC\",\"id\":31841}},\"props\":{\"content\":{\"filters\":{\"search\":\"\"},\"arguments\":{\"show_intro_text\":true},\"name\":\"content\"}}}},{\"type\":\"panel\",\"props\":{\"content_column\":\"1-2\",\"content_column_breakpoint\":\"m\",\"content_column_divider\":true,\"image\":\"wp-content\/uploads\/2022\/02\/day5-2.jpg\",\"image_align\":\"right\",\"image_grid_breakpoint\":\"m\",\"image_grid_width\":\"1-3\",\"image_svg_color\":\"emphasis\",\"link_style\":\"default\",\"link_text\":\"Read more\",\"margin_bottom\":\"remove\",\"margin_top\":\"default\",\"meta_align\":\"below-title\",\"meta_element\":\"div\",\"meta_style\":\"text-meta\",\"panel_image_no_padding\":true,\"panel_padding\":\"large\",\"panel_style\":\"tile-default\",\"title_align\":\"top\",\"title_element\":\"h3\",\"title_grid_breakpoint\":\"m\",\"title_grid_width\":\"1-2\",\"title_hover_style\":\"reset\"},\"source\":{\"query\":{\"name\":\"posts.customPost\",\"arguments\":{\"terms\":[],\"category_operator\":\"IN\",\"post_tag_operator\":\"IN\",\"users\":[],\"users_operator\":\"IN\",\"offset\":0,\"order\":\"date\",\"order_direction\":\"DESC\",\"id\":38703,\"date_range\":\"relative\",\"date_relative\":\"next\",\"date_relative_unit\":\"day\",\"date_relative_unit_this\":\"day\"}},\"props\":{\"content\":{\"filters\":{\"search\":\"\"},\"arguments\":{\"show_intro_text\":true},\"name\":\"content\"}}}}]}]}],\"name\":\"A_bit_of_history_en_19feb\"},{\"type\":\"section\",\"props\":{\"image_height\":\"500\",\"image_position\":\"center-right\",\"image_width\":\"500\",\"style\":\"secondary\",\"title_breakpoint\":\"xl\",\"title_position\":\"top-left\",\"title_rotation\":\"left\",\"vertical_align\":\"\",\"width\":\"default\"},\"children\":[{\"type\":\"row\",\"children\":[{\"type\":\"column\",\"props\":{\"image_position\":\"center-center\",\"position_sticky_breakpoint\":\"m\"},\"children\":[{\"type\":\"headline\",\"props\":{\"content\":\"Ediciones anteriores de la X-Pyr\",\"image_align\":\"left\",\"image_margin\":\"xsmall\",\"title_element\":\"h1\"}},{\"type\":\"headline\",\"props\":{\"content\":\"Escoge la edici\u00f3n de la X-Pyr que te interese\",\"image_align\":\"left\",\"image_margin\":\"xsmall\",\"title_element\":\"h1\",\"title_font_family\":\"default\",\"title_style\":\"h4\"}},{\"type\":\"grid\",\"props\":{\"content_column_breakpoint\":\"m\",\"filter_align\":\"left\",\"filter_all\":true,\"filter_grid_breakpoint\":\"m\",\"filter_grid_width\":\"auto\",\"filter_position\":\"top\",\"filter_style\":\"tab\",\"grid_column_gap\":\"small\",\"grid_default\":\"auto\",\"grid_divider\":false,\"grid_large\":\"auto\",\"grid_medium\":\"auto\",\"grid_row_gap\":\"small\",\"grid_small\":\"auto\",\"grid_xlarge\":\"5\",\"image_align\":\"top\",\"image_grid_breakpoint\":\"m\",\"image_grid_width\":\"1-2\",\"image_svg_color\":\"emphasis\",\"image_width\":\"280\",\"item_animation\":true,\"lightbox_bg_close\":true,\"link_style\":\"default\",\"link_target\":false,\"link_text\":\"\",\"margin_bottom\":\"default\",\"margin_top\":\"default\",\"meta_align\":\"below-title\",\"meta_element\":\"div\",\"meta_style\":\"text-meta\",\"panel_image_no_padding\":true,\"panel_link\":true,\"panel_link_hover\":\"true\",\"panel_style\":\"tile-muted\",\"parallax_easing\":\"1\",\"show_content\":true,\"show_hover_image\":true,\"show_hover_video\":true,\"show_image\":true,\"show_link\":true,\"show_meta\":true,\"show_title\":true,\"show_video\":true,\"text_align\":\"center\",\"title_align\":\"top\",\"title_color\":\"success\",\"title_element\":\"h1\",\"title_font_family\":\"secondary\",\"title_grid_breakpoint\":\"m\",\"title_grid_width\":\"1-2\",\"title_hover_style\":\"reset\",\"title_style\":\"h2\"},\"children\":[{\"type\":\"grid_item\",\"props\":{\"image\":\"img\/logos\/x-pyr\/logo_X-Pyr_azul_verde2012.svg\",\"link\":\"es\/history\/2012-h\/\",\"title\":\"2012\"}},{\"type\":\"grid_item\",\"props\":{\"image\":\"img\/logos\/x-pyr\/logo_X-Pyr_azul_verde2014.svg\",\"link\":\"es\/history\/2014-h\/\",\"title\":\"2014\"}},{\"type\":\"grid_item\",\"props\":{\"image\":\"img\/logos\/x-pyr\/logo_X-Pyr_azul_verde2016.svg\",\"link\":\"es\/history\/2016-h\/\",\"title\":\"2016\"}},{\"type\":\"grid_item\",\"props\":{\"image\":\"img\/logos\/x-pyr\/logo_X-Pyr_azul_verde2018.svg\",\"link\":\"es\/history\/2018-h\/\",\"title\":\"2018\"}},{\"type\":\"grid_item\",\"props\":{\"image\":\"img\/logos\/x-pyr\/logo_X-Pyr_azul_verde2020.svg\",\"link\":\"es\/history\/2020-h\/\",\"title\":\"2020\"}},{\"type\":\"grid_item\",\"props\":{\"image\":\"img\/logos\/x-pyr\/logo_X-Pyr_azul_verde2022.svg\",\"link\":\"es\/history\/2022-h\/\",\"title\":\"2022\"}},{\"type\":\"grid_item\",\"props\":{\"image\":\"img\/logos\/x-pyr\/logo_X-Pyr_azul_verde2024.svg\",\"link\":\"es\/history\/2024-h\/\",\"title\":\"2024\"}}]}]}]}],\"name\":\"submenu_previous_editions\"},{\"type\":\"section\",\"props\":{\"image\":\"wp-content\/uploads\/2022\/02\/pilots_02.jpg\",\"image_position\":\"bottom-center\",\"image_size\":\"cover\",\"overlap\":false,\"padding_bottom\":\"xlarge\",\"padding_top\":\"xlarge\",\"preserve_color\":true,\"style\":\"default\",\"text_color\":\"light\",\"title_breakpoint\":\"xl\",\"title_position\":\"top-left\",\"title_rotation\":\"left\",\"vertical_align\":\"\",\"width\":\"xlarge\"},\"children\":[{\"type\":\"row\",\"props\":{\"column_gap\":\"collapse\",\"layout\":\"2-3,1-3\",\"row_gap\":\"small\",\"width\":\"xlarge\"},\"children\":[{\"type\":\"column\",\"props\":{\"image_position\":\"center-center\",\"position_sticky_breakpoint\":\"m\",\"vertical_align\":\"middle\",\"width_small\":\"2-3\"},\"children\":[{\"type\":\"panel\",\"props\":{\"content_column_breakpoint\":\"m\",\"image\":\"wp-content\/uploads\/2022\/02\/0b-e1644697549905.jpg\",\"image_align\":\"left\",\"image_alt\":\"\u00cd\u00f1igo Red\u00edn, director de carrera\",\"image_border\":\"circle\",\"image_grid_breakpoint\":\"s\",\"image_grid_column_gap\":\"small\",\"image_grid_row_gap\":\"small\",\"image_grid_width\":\"auto\",\"image_height\":\"140\",\"image_svg_color\":\"emphasis\",\"image_vertical_align\":true,\"image_width\":\"140\",\"link_style\":\"default\",\"link_text\":\"Read more\",\"margin_bottom\":\"default\",\"margin_top\":\"default\",\"meta_align\":\"below-title\",\"meta_element\":\"div\",\"meta_style\":\"text-meta\",\"text_align\":\"left\",\"text_align_breakpoint\":\"s\",\"text_align_fallback\":\"center\",\"title\":\"Hey!, mira  <br class=\\\"uk-visible@m\\\"> <span class=\\\"uk-text-secondary\\\">qu\u00e9 pas\u00f3<\/span>\",\"title_align\":\"top\",\"title_element\":\"h2\",\"title_grid_breakpoint\":\"m\",\"title_grid_width\":\"1-2\",\"title_hover_style\":\"reset\"}}]},{\"type\":\"column\",\"props\":{\"image_position\":\"center-center\",\"position_sticky_breakpoint\":\"m\",\"vertical_align\":\"middle\",\"width_small\":\"1-3\"}}]},{\"type\":\"row\",\"children\":[{\"type\":\"column\",\"props\":{\"image_position\":\"center-center\",\"position_sticky_breakpoint\":\"m\",\"width_medium\":\"1-3\"},\"children\":[{\"type\":\"headline\",\"props\":{\"content\":\"\",\"image_align\":\"left\",\"image_margin\":\"xsmall\",\"margin_bottom\":\"medium\",\"margin_top\":\"medium\",\"text_align\":\"left\",\"text_align_breakpoint\":\"s\",\"text_align_fallback\":\"center\",\"title_element\":\"h2\"}}]},{\"type\":\"column\",\"props\":{\"image_position\":\"center-center\",\"position_sticky_breakpoint\":\"m\",\"width_medium\":\"2-3\"}}],\"props\":{\"layout\":\"1-3,2-3\"}},{\"type\":\"row\",\"children\":[{\"type\":\"column\",\"props\":{\"image_position\":\"center-center\",\"position_sticky_breakpoint\":\"m\",\"width_medium\":\"1-3\"}},{\"type\":\"column\",\"props\":{\"image_position\":\"center-center\",\"position_sticky_breakpoint\":\"m\",\"width_medium\":\"2-3\"},\"children\":[{\"type\":\"button\",\"props\":{\"grid_column_gap\":\"small\",\"grid_row_gap\":\"small\",\"margin_bottom\":\"default\",\"margin_top\":\"default\",\"text_align\":\"right\",\"text_align_breakpoint\":\"s\",\"text_align_fallback\":\"center\"},\"children\":[{\"type\":\"button_item\",\"props\":{\"button_style\":\"secondary\",\"content\":\"All News\",\"dialog_layout\":\"modal\",\"dialog_offcanvas_flip\":true,\"icon_align\":\"left\",\"link\":\"blog\/\"}}]}]}],\"props\":{\"layout\":\"1-3,2-3\"}},{\"type\":\"row\",\"children\":[{\"type\":\"column\",\"props\":{\"image_position\":\"center-center\",\"position_sticky_breakpoint\":\"m\",\"vertical_align\":\"bottom\"},\"children\":[{\"type\":\"panel-slider\",\"props\":{\"content_column_breakpoint\":\"m\",\"content_margin\":\"remove\",\"css\":\".el-item > * {\\n\\tbackground-color: #223046cc;\\n}\",\"image_align\":\"top\",\"image_grid_breakpoint\":\"m\",\"image_grid_width\":\"1-2\",\"image_height\":\"200\",\"image_svg_color\":\"emphasis\",\"image_width\":\"300\",\"link_style\":\"default\",\"link_text\":\"\",\"margin_bottom\":\"remove\",\"margin_top\":\"default\",\"meta_align\":\"below-title\",\"meta_element\":\"div\",\"meta_style\":\"text-meta\",\"nav\":\"dotnav\",\"nav_align\":\"center\",\"nav_breakpoint\":\"s\",\"panel_card_offset\":false,\"panel_image_no_padding\":true,\"panel_link\":true,\"panel_match\":true,\"panel_padding\":\"default\",\"show_content\":true,\"show_hover_image\":true,\"show_hover_video\":true,\"show_image\":true,\"show_link\":true,\"show_meta\":true,\"show_title\":true,\"show_video\":true,\"slidenav\":\"outside\",\"slidenav_breakpoint\":\"\",\"slidenav_hover\":false,\"slidenav_margin\":\"\",\"slidenav_outside_breakpoint\":\"xl\",\"slider_autoplay\":true,\"slider_autoplay_pause\":true,\"slider_divider\":false,\"slider_gap\":\"default\",\"slider_sets\":true,\"slider_width\":\"\",\"slider_width_default\":\"1-1\",\"slider_width_large\":\"1-3\",\"slider_width_medium\":\"1-3\",\"slider_width_small\":\"4-5\",\"slider_width_xlarge\":\"1-3\",\"title_align\":\"top\",\"title_element\":\"h3\",\"title_grid_breakpoint\":\"m\",\"title_grid_width\":\"1-2\",\"title_hover_style\":\"reset\"},\"children\":[{\"type\":\"panel-slider_item\",\"props\":{\"panel_style\":\"tile-secondary\"},\"source\":{\"query\":{\"name\":\"posts.customPosts\",\"arguments\":{\"terms\":[98],\"category_operator\":\"IN\",\"post_tag_operator\":\"IN\",\"users\":[],\"users_operator\":\"IN\",\"offset\":0,\"limit\":10,\"order\":\"date\",\"order_direction\":\"DESC\"}},\"props\":{\"title\":{\"filters\":{\"search\":\"\"},\"name\":\"title\"},\"meta\":{\"filters\":{\"search\":\"\",\"date\":\"\"},\"name\":\"date\"},\"image\":{\"filters\":{\"search\":\"\"},\"name\":\"featuredImage.url\"},\"link\":{\"filters\":{\"search\":\"\"},\"name\":\"link\"},\"content\":{\"filters\":{\"search\":\"\",\"limit\":80},\"arguments\":{\"show_intro_text\":true},\"name\":\"content\"}}}}]}]}],\"props\":{\"margin_bottom\":\"default\",\"margin_top\":\"default\"}}],\"name\":\"previous_editions_en_19feb\"}],\"version\":\"5.0.7\",\"yooessentialsVersion\":\"3.0.0-beta.8\"} --><\/p>\n","protected":false},"excerpt":{"rendered":"<p>Un poco de historia Ediciones anteriores de la X-Pyr Escoge la edici\u00f3n de la X-Pyr que te interese 2012 2014 2016 2018 2020 2022 2024 Hey!, mira qu\u00e9 pas\u00f3 All News<\/p>\n","protected":false},"author":3,"featured_media":0,"parent":0,"menu_order":0,"comment_status":"closed","ping_status":"closed","template":"","meta":{"_acf_changed":false,"footnotes":""},"class_list":["post-31817","page","type-page","status-publish","hentry"],"acf":[],"_links":{"self":[{"href":"http:\/\/dev-x-pyr.com\/es\/wp-json\/wp\/v2\/pages\/31817","targetHints":{"allow":["GET"]}}],"collection":[{"href":"http:\/\/dev-x-pyr.com\/es\/wp-json\/wp\/v2\/pages"}],"about":[{"href":"http:\/\/dev-x-pyr.com\/es\/wp-json\/wp\/v2\/types\/page"}],"author":[{"embeddable":true,"href":"http:\/\/dev-x-pyr.com\/es\/wp-json\/wp\/v2\/users\/3"}],"replies":[{"embeddable":true,"href":"http:\/\/dev-x-pyr.com\/es\/wp-json\/wp\/v2\/comments?post=31817"}],"version-history":[{"count":18,"href":"http:\/\/dev-x-pyr.com\/es\/wp-json\/wp\/v2\/pages\/31817\/revisions"}],"predecessor-version":[{"id":42572,"href":"http:\/\/dev-x-pyr.com\/es\/wp-json\/wp\/v2\/pages\/31817\/revisions\/42572"}],"wp:attachment":[{"href":"http:\/\/dev-x-pyr.com\/es\/wp-json\/wp\/v2\/media?parent=31817"}],"curies":[{"name":"wp","href":"https:\/\/api.w.org\/{rel}","templated":true}]}}