{"id":31819,"date":"2022-02-19T20:52:06","date_gmt":"2022-02-19T19:52:06","guid":{"rendered":"http:\/\/dev-x-pyr.com\/historia\/2012-2\/"},"modified":"2026-01-25T11:59:30","modified_gmt":"2026-01-25T10:59:30","slug":"2012-h","status":"publish","type":"page","link":"http:\/\/dev-x-pyr.com\/es\/historia\/2012-h\/","title":{"rendered":"2012"},"content":{"rendered":"<p><img decoding=\"async\" src=\"\/img\/logos\/x-pyr\/logo_X-Pyr_azul_verde2012.svg\" alt=\"\"><\/p>\n<h1>\n<ul>\n<li>2012, el a\u00f1o en que todo comenz\u00f3.<br \/>Ten\u00edamos la <a rel=\"noreferrer noopener\" href=\"https:\/\/www.redbullxalps.com\/\" data-type=\"URL\" data-id=\"https:\/\/www.redbullxalps.com\/\" onclick=\"javascript:window.open('https:\/\/www.redbullxalps.com\/'); return false;\">X-Alps<\/a>, y est\u00e1bamos (y estamos) enamorados de ella, pero quer\u00edamos un evento similar en los Pirineos. Y ese fue el comienzo de nuestra X-Pyr.<\/li>\n<li>Nuevo evento, nueva organizaci\u00f3n, la aventura no era s\u00f3lo para los equipos participantes. Tambi\u00e9n para ese peque\u00f1o equipo organizador (comparado con el actual) que iniciaba una nueva etapa.<\/li>\n<li>La carrera comenz\u00f3 con una distancia que ya nos parec\u00eda larga. La traves\u00eda de los Pirineos fue relativamente recta, sin a\u00f1adir m\u00e1s dificultades que el propio recorrido.<\/li>\n<li>Se complet\u00f3 en unos (entonces impensables) 7 d\u00edas. Y encima, un sprint entre I\u00f1igo Gabiria e Iv\u00e1n Col\u00e1s.\n<p>\u00a1Un a\u00f1o que siempre recordaremos!<\/li>\n<\/ul>\n<\/h1>\n<p><iframe src=\"https:\/\/www.youtube.com\/embed\/wIEyRBnjeU0\"><\/iframe><\/p>\n<h1>Route 2012<\/h1>\n<div>\n<p>440 km separate the Bay of Biscay and Mediterranean coasts in this first edition of the X-Pyr.<\/p>\n<\/div>\n<h1>Waypoints<\/h1>\n<hr>\n<div>\n<table class=\"uk-table uk-table-striped uk-table-hover uk-table-small\" id=\"\" cellpadding=\"\">\n<thead>\n<th scope=\"col\">Waypoint<\/th>\n<th scope=\"col\">Altitude<\/th>\n<th scope=\"col\">Radius(meters)<\/th>\n<th scope=\"col\">Distance<br \/>Previous<\/th>\n<th scope=\"col\">Distance<br \/>Next<\/th>\n<th scope=\"col\">Distance<br \/>Start<\/th>\n<th scope=\"col\">Distance<br \/>Goal<\/th>\n<\/thead>\n<tbody>\n<tr>\n<tr>\n<td>0 \u2013 Hondarribia<\/td>\n<td>0<\/td>\n<td><\/td>\n<td><\/td>\n<td>15.1<\/td>\n<td><\/td>\n<td>438<\/td>\n<\/tr>\n<tr>\n<td>1 \u2013 Larr\u00fan<\/td>\n<td>870<\/td>\n<td>20<\/td>\n<td>15.1<\/td>\n<td>62.3<\/td>\n<td>15.1<\/td>\n<td>422.9<\/td>\n<\/tr>\n<tr>\n<td>2 \u2013 Orhi<\/td>\n<td>2003<\/td>\n<td>1500<\/td>\n<td>62.3<\/td>\n<td>53.2<\/td>\n<td>77.4<\/td>\n<td>360.6<\/td>\n<\/tr>\n<tr>\n<td>3 \u2013 Collarada<\/td>\n<td>2868<\/td>\n<td>1500<\/td>\n<td>53.2<\/td>\n<td>68.7<\/td>\n<td>130.6<\/td>\n<td>307.4<\/td>\n<\/tr>\n<tr>\n<td>4 \u2013 Cotiella<\/td>\n<td>2890<\/td>\n<td>2400<\/td>\n<td>68.7<\/td>\n<td>74.5<\/td>\n<td>199.3<\/td>\n<td>238.7<\/td>\n<\/tr>\n<tr>\n<td>5 \u2013 Pic de L\u2019Orri<\/td>\n<td>2440<\/td>\n<td>1000<\/td>\n<td>74.5<\/td>\n<td>74.3<\/td>\n<td>273.8<\/td>\n<td>164.2<\/td>\n<\/tr>\n<tr>\n<td>6 \u2013 Taga<\/td>\n<td>2037<\/td>\n<td>1500<\/td>\n<td>83.2<\/td>\n<td>79.0<\/td>\n<td>357.0<\/td>\n<td>82.2<\/td>\n<\/tr>\n<tr>\n<td>7 \u2013 Sant Pere de Rodes<\/td>\n<td>511<\/td>\n<td>3000<\/td>\n<td>79,0<\/td>\n<td>3.2<\/td>\n<td>436.0<\/td>\n<td>3.2<\/td>\n<\/tr>\n<tr>\n<td>8 \u2013 Port de la Selva<\/td>\n<td>0<\/td>\n<td><\/td>\n<td>3.2<\/td>\n<td><\/td>\n<td>439.2<\/td>\n<td><\/td>\n<\/tr>\n<\/tbody>\n<\/table>\n<\/div>\n<h1>Results<\/h1>\n<hr>\n<div>\n<table class=\"uk-table uk-table-striped uk-table-hover uk-table-small\" id=\"\" cellpadding=\"\">\n<thead>\n<tr>\n<th class=\"header\">Pos<\/th>\n<th class=\"header\">Equipo (Pilot-Assistant)<\/th>\n<th class=\"header\">Distancia a gol \/ Distancia recorrida \/ Tiempo<\/th>\n<\/tr>\n<\/thead>\n<tbody>\n<tr class=\"even\">\n<td class=\"nb\"><strong>1 <\/strong><\/td>\n<td> Inigo Gabiria &#8211; Inigo Mendibil           <\/td>\n<td class=\"nb\"> 0 km \/ 438 km \/ 6d 11 h Om 1s <\/td>\n<\/tr>\n<tr class=\"even\">\n<td class=\"nb\"><strong>2 <\/strong><\/td>\n<td> Ivan Colas &#8211; Nacho Villafatie            <\/td>\n<td class=\"nb\"> 0 km \/ 438 km \/ 6d 11h Om 31s <\/td>\n<\/tr>\n<tr class=\"even\">\n<td class=\"nb\"><strong>3 <\/strong><\/td>\n<td> Jakub Be\u00f1o &#8211; Peter Both                  <\/td>\n<td class=\"nb\"> 0 km \/ 438 km \/ 7d 04h Om 21s <\/td>\n<\/tr>\n<tr class=\"even\">\n<td class=\"nb\"><strong>4 <\/strong><\/td>\n<td> Alex Ciuhandu &#8211; Vasile Trifan            <\/td>\n<td class=\"nb\"> 48 km \/ 390 km              <\/td>\n<\/tr>\n<tr class=\"even\">\n<td class=\"nb\"><strong>5 <\/strong><\/td>\n<td> Claudio Heide! &#8211; Carlos Fernandez        <\/td>\n<td class=\"nb\"> 69 km \/ 369 km              <\/td>\n<\/tr>\n<tr class=\"even\">\n<td class=\"nb\"><strong>6 <\/strong><\/td>\n<td> Alfredo Martin &#8211; Soledad Gull&#038;           <\/td>\n<td class=\"nb\"> 118 km \/ 320 km             <\/td>\n<\/tr>\n<tr class=\"even\">\n<td class=\"nb\"><strong>7 <\/strong><\/td>\n<td> Armand Rubiella &#8211; Jose Isidro Gordito    <\/td>\n<td class=\"nb\"> 277 km \/ 161 km             <\/td>\n<\/tr>\n<tr class=\"even\">\n<td class=\"nb\"><strong>8 <\/strong><\/td>\n<td> Daniel Tena &#8211; Alfonso Jose Tena           <\/td>\n<td class=\"nb\"> 293 km \/ 145 km             <\/td>\n<\/tr>\n<tr class=\"even\">\n<td class=\"nb\"><strong>9 <\/strong><\/td>\n<td> Alan Fernandez &#8211; Juan Godoy              <\/td>\n<td class=\"nb\"> 321 km \/117 km             <\/td>\n<\/tr>\n<tr class=\"even\">\n<td class=\"nb\"><strong>10<\/strong><\/td>\n<td> Cholo Sanchez &#8211; Javier Atenza            <\/td>\n<td class=\"nb\"> 348 km \/ 90 km              <\/td>\n<\/tr>\n<tr class=\"even\">\n<td class=\"nb\"><strong>11<\/strong><\/td>\n<td> Enric Llatser &#8211; Oscar Llatser            <\/td>\n<td class=\"nb\"> 370 km 68 km              <\/td>\n<\/tr>\n<tr class=\"even\">\n<td class=\"nb\"><strong>12<\/strong><\/td>\n<td> Oriol Fernandez &#8211; Javier Fern\u00e1ndez       <\/td>\n<td class=\"nb\"> 403 km \/ 35 km              <\/td>\n<\/tr>\n<\/tbody>\n<\/table>\n<\/div>\n<p><iframe src=\"https:\/\/player.vimeo.com\/video\/77317706\"><\/iframe><br \/>\n<iframe src=\"https:\/\/player.vimeo.com\/video\/162905038\"><\/iframe><br \/>\n<iframe src=\"https:\/\/player.vimeo.com\/video\/162905034\"><\/iframe><br \/>\n<iframe src=\"https:\/\/player.vimeo.com\/video\/162903616\"><\/iframe><br \/>\n<iframe src=\"https:\/\/player.vimeo.com\/video\/162905037\"><\/iframe><br \/>\n<iframe src=\"https:\/\/player.vimeo.com\/video\/162905035\"><\/iframe><br \/>\n<iframe src=\"https:\/\/player.vimeo.com\/video\/162903617\"><\/iframe><br \/>\n<iframe src=\"https:\/\/player.vimeo.com\/video\/162905039\"><\/iframe><br \/>\n<iframe src=\"https:\/\/player.vimeo.com\/video\/162903613\"><\/iframe><\/p>\n<h1>X-Pyr previas<\/h1>\n<h1>\u00c9chale un vistazo a los res\u00famenes de otras X-Pyr<\/h1>\n<ul>\n<li>\n<p>        <img decoding=\"async\" src=\"\/img\/logos\/x-pyr\/logo_X-Pyr_azul_verde2014.svg\" alt=\"\"><\/p>\n<h1>2014<\/h1>\n<p><a href=\"http:\/\/dev-x-pyr.com\/es\/historia\/2014-h\/\"><\/a><\/p>\n<\/li>\n<li>\n<p>        <img decoding=\"async\" src=\"\/img\/logos\/x-pyr\/logo_X-Pyr_azul_verde2016.svg\" alt=\"\"><\/p>\n<h1>2016<\/h1>\n<p><a href=\"http:\/\/dev-x-pyr.com\/es\/historia\/2016-h\/\"><\/a><\/p>\n<\/li>\n<li>\n<p>        <img decoding=\"async\" src=\"\/img\/logos\/x-pyr\/logo_X-Pyr_azul_verde2018.svg\" alt=\"\"><\/p>\n<h1>2018<\/h1>\n<p><a href=\"http:\/\/dev-x-pyr.com\/es\/historia\/2018-h\/\"><\/a><\/p>\n<\/li>\n<li>\n<p>        <img decoding=\"async\" src=\"\/img\/logos\/x-pyr\/logo_X-Pyr_azul_verde2020.svg\" alt=\"\"><\/p>\n<h1>2020<\/h1>\n<p><a href=\"http:\/\/dev-x-pyr.com\/es\/historia\/2020-h\/\"><\/a><\/p>\n<\/li>\n<li>\n<p>        <img decoding=\"async\" src=\"\/img\/logos\/x-pyr\/logo_X-Pyr_azul_verde2022.svg\" alt=\"\"><\/p>\n<h1>2022<\/h1>\n<p><a href=\"http:\/\/dev-x-pyr.com\/es\/historia\/2022-h\/\"><\/a><\/p>\n<\/li>\n<li>\n<p>        <img decoding=\"async\" src=\"\/img\/logos\/x-pyr\/logo_X-Pyr_azul_verde2024.svg\" alt=\"\"><\/p>\n<h1>2024<\/h1>\n<p><a href=\"http:\/\/dev-x-pyr.com\/es\/historia\/2024-h\/\"><\/a><\/p>\n<\/li>\n<\/ul>\n<p><!--more--><br \/>\n<!-- {\"name\":\"HistoryRoute_forTemplate\",\"type\":\"layout\",\"children\":[{\"type\":\"section\",\"props\":{\"image_position\":\"center-center\",\"style\":\"default\",\"title_breakpoint\":\"xl\",\"title_position\":\"top-left\",\"title_rotation\":\"left\",\"vertical_align\":\"\",\"width\":\"default\"},\"children\":[{\"type\":\"row\",\"children\":[{\"type\":\"column\",\"props\":{\"image_position\":\"center-center\",\"position_sticky_breakpoint\":\"m\"},\"children\":[{\"type\":\"image\",\"props\":{\"image\":\"img\/logos\/x-pyr\/logo_X-Pyr_azul_verde2012.svg\",\"image_svg_color\":\"emphasis\",\"image_width\":\"400\",\"margin_bottom\":\"default\",\"margin_top\":\"default\",\"text_align\":\"center\"}},{\"type\":\"headline\",\"props\":{\"block_align\":\"center\",\"content\":\"\n\n<ul>\\n\n\n<li>2012, el a\u00f1o en que todo comenz\u00f3.<br \/>Ten\u00edamos la <a rel=\\\"noreferrer noopener\\\" href=\\\"https:\/\/www.redbullxalps.com\/\\\" data-type=\\\"URL\\\" data-id=\\\"https:\/\/www.redbullxalps.com\/\\\" onclick=\\\"javascript:window.open('https:\/\/www.redbullxalps.com\/'); return false;\\\">X-Alps<\/a>, y est\u00e1bamos (y estamos) enamorados de ella, pero quer\u00edamos un evento similar en los Pirineos. Y ese fue el comienzo de nuestra X-Pyr.<\/li>\n\n\\n\n\n<li>Nuevo evento, nueva organizaci\u00f3n, la aventura no era s\u00f3lo para los equipos participantes. Tambi\u00e9n para ese peque\u00f1o equipo organizador (comparado con el actual) que iniciaba una nueva etapa.<\/li>\n\n\\n\n\n<li>La carrera comenz\u00f3 con una distancia que ya nos parec\u00eda larga. La traves\u00eda de los Pirineos fue relativamente recta, sin a\u00f1adir m\u00e1s dificultades que el propio recorrido.<\/li>\n\n\\n\n\n<li>Se complet\u00f3 en unos (entonces impensables) 7 d\u00edas. Y encima, un sprint entre I\u00f1igo Gabiria e Iv\u00e1n Col\u00e1s.\n\n\u00a1Un a\u00f1o que siempre recordaremos!<\/li>\n\n\\n<\/ul>\n\n\",\"image_align\":\"left\",\"image_margin\":\"xsmall\",\"title_element\":\"h1\",\"title_style\":\"h4\"}}]}]}]},{\"type\":\"section\",\"props\":{\"image_position\":\"center-center\",\"padding_top\":\"none\",\"style\":\"default\",\"title_breakpoint\":\"xl\",\"title_position\":\"top-left\",\"title_rotation\":\"left\",\"vertical_align\":\"\",\"width\":\"default\"},\"children\":[{\"type\":\"row\",\"children\":[{\"type\":\"column\",\"props\":{\"image_position\":\"center-center\",\"position_sticky_breakpoint\":\"m\"},\"children\":[{\"type\":\"video\",\"props\":{\"margin_bottom\":\"default\",\"margin_top\":\"default\",\"video\":\"https:\/\/www.youtube.com\/embed\/wIEyRBnjeU0\",\"video_controls\":true,\"video_height\":\"600\",\"video_loading\":\"lazy\",\"video_width\":\"1400\"}}]}]}]},{\"type\":\"section\",\"props\":{\"image_position\":\"center-center\",\"padding_top\":\"none\",\"style\":\"default\",\"title_breakpoint\":\"xl\",\"title_position\":\"top-left\",\"title_rotation\":\"left\",\"vertical_align\":\"\",\"width\":\"default\"},\"children\":[{\"type\":\"row\",\"children\":[{\"type\":\"column\",\"props\":{\"image_position\":\"center-center\",\"position_sticky_breakpoint\":\"m\"},\"children\":[{\"type\":\"headline\",\"props\":{\"content\":\"Route 2012\",\"image_align\":\"left\",\"image_margin\":\"xsmall\",\"title_element\":\"h1\"}},{\"type\":\"text\",\"props\":{\"column_breakpoint\":\"m\",\"content\":\"\n\n<p>440 km separate the Bay of Biscay and Mediterranean coasts in this first edition of the X-Pyr.<\/p>\n\n\",\"margin_bottom\":\"default\",\"margin_top\":\"default\",\"text_style\":\"lead\"}},{\"type\":\"headline\",\"props\":{\"content\":\"Waypoints\",\"image_align\":\"left\",\"image_margin\":\"xsmall\",\"margin_bottom\":\"remove\",\"margin_top\":\"large\",\"title_element\":\"h1\",\"title_style\":\"h3\"}},{\"type\":\"divider\",\"props\":{\"divider_element\":\"hr\"}},{\"type\":\"text\",\"props\":{\"column_breakpoint\":\"m\",\"content\":\"\n\n<table class=\\\"uk-table uk-table-striped uk-table-hover uk-table-small\\\" id=\\\"\\\" cellpadding=\\\"\\\">\\n\\t\n\n<thead>\\n\n\n<th scope=\\\"col\\\">Waypoint<\/th>\n\n\n\n<th scope=\\\"col\\\">Altitude<\/th>\n\n\n\n<th scope=\\\"col\\\">Radius(meters)<\/th>\n\n\n\n<th scope=\\\"col\\\">Distance<br \/>Previous<\/th>\n\n\n\n<th scope=\\\"col\\\">Distance<br \/>Next<\/th>\n\n\n\n<th scope=\\\"col\\\">Distance<br \/>Start<\/th>\n\n\n\n<th scope=\\\"col\\\">Distance<br \/>Goal<\/th>\n\n<\/thead>\n\n\\n    \n\n<tbody>\n\n<tr>\n\n<tr>\n\n<td>0 \u2013 Hondarribia<\/td>\n\n\n\n<td>0<\/td>\n\n\n\n<td><\/td>\n\n\n\n<td><\/td>\n\n\n\n<td>15.1<\/td>\n\n\n\n<td><\/td>\n\n\n\n<td>438<\/td>\n\n<\/tr>\n\n\n\n<tr>\n\n<td>1 \u2013 Larr\u00fan<\/td>\n\n\n\n<td>870<\/td>\n\n\n\n<td>20<\/td>\n\n\n\n<td>15.1<\/td>\n\n\n\n<td>62.3<\/td>\n\n\n\n<td>15.1<\/td>\n\n\n\n<td>422.9<\/td>\n\n<\/tr>\n\n\n\n<tr>\n\n<td>2 \u2013 Orhi<\/td>\n\n\n\n<td>2003<\/td>\n\n\n\n<td>1500<\/td>\n\n\n\n<td>62.3<\/td>\n\n\n\n<td>53.2<\/td>\n\n\n\n<td>77.4<\/td>\n\n\n\n<td>360.6<\/td>\n\n<\/tr>\n\n\n\n<tr>\n\n<td>3 \u2013 Collarada<\/td>\n\n\n\n<td>2868<\/td>\n\n\n\n<td>1500<\/td>\n\n\n\n<td>53.2<\/td>\n\n\n\n<td>68.7<\/td>\n\n\n\n<td>130.6<\/td>\n\n\n\n<td>307.4<\/td>\n\n<\/tr>\n\n\n\n<tr>\n\n<td>4 \u2013 Cotiella<\/td>\n\n\n\n<td>2890<\/td>\n\n\n\n<td>2400<\/td>\n\n\n\n<td>68.7<\/td>\n\n\n\n<td>74.5<\/td>\n\n\n\n<td>199.3<\/td>\n\n\n\n<td>238.7<\/td>\n\n<\/tr>\n\n\n\n<tr>\n\n<td>5 \u2013 Pic de L\u2019Orri<\/td>\n\n\n\n<td>2440<\/td>\n\n\n\n<td>1000<\/td>\n\n\n\n<td>74.5<\/td>\n\n\n\n<td>74.3<\/td>\n\n\n\n<td>273.8<\/td>\n\n\n\n<td>164.2<\/td>\n\n<\/tr>\n\n\n\n<tr>\n\n<td>6 \u2013 Taga<\/td>\n\n\n\n<td>2037<\/td>\n\n\n\n<td>1500<\/td>\n\n\n\n<td>83.2<\/td>\n\n\n\n<td>79.0<\/td>\n\n\n\n<td>357.0<\/td>\n\n\n\n<td>82.2<\/td>\n\n<\/tr>\n\n\n\n<tr>\n\n<td>7 \u2013 Sant Pere de Rodes<\/td>\n\n\n\n<td>511<\/td>\n\n\n\n<td>3000<\/td>\n\n\n\n<td>79,0<\/td>\n\n\n\n<td>3.2<\/td>\n\n\n\n<td>436.0<\/td>\n\n\n\n<td>3.2<\/td>\n\n<\/tr>\n\n\n\n<tr>\n\n<td>8 \u2013 Port de la Selva<\/td>\n\n\n\n<td>0<\/td>\n\n\n\n<td><\/td>\n\n\n\n<td>3.2<\/td>\n\n\n\n<td><\/td>\n\n\n\n<td>439.2<\/td>\n\n\n\n<td><\/td>\n\n<\/tr>\n\n<\/tbody>\n\n<\/table>\n\n\\n\",\"margin_bottom\":\"default\",\"margin_top\":\"default\"}},{\"type\":\"headline\",\"props\":{\"content\":\"Results\",\"image_align\":\"left\",\"image_margin\":\"xsmall\",\"margin_bottom\":\"remove\",\"margin_top\":\"large\",\"title_element\":\"h1\",\"title_style\":\"h3\"}},{\"type\":\"divider\",\"props\":{\"divider_element\":\"hr\"}},{\"type\":\"html\",\"props\":{\"content\":\"   \n\n<table class=\\\"uk-table uk-table-striped uk-table-hover uk-table-small\\\" id=\\\"\\\" cellpadding=\\\"\\\">\\n\\t\n\n<thead>\\n\\t\\t\n\n<tr>\\n\\t\\t\\t\n\n<th class=\\\"header\\\">Pos<\/th>\n\n\\n\\t\\t\\t\n\n<th class=\\\"header\\\">Equipo (Pilot-Assistant)<\/th>\n\n\\n\\t\\t\\t\n\n<th class=\\\"header\\\">Distancia a gol \/ Distancia recorrida \/ Tiempo<\/th>\n\n\\n\\t\\t<\/tr>\n\n\\n\\t<\/thead>\n\n\\n\\t\n\n<tbody>\\n\\t   \n\n<tr class=\\\"even\\\">\n\n<td class=\\\"nb\\\"><strong>1 <\/strong><\/td>\n\n\n\n<td> Inigo Gabiria - Inigo Mendibil           <\/td>\n\n\n\n<td class=\\\"nb\\\"> 0 km \/ 438 km \/ 6d 11 h Om 1s <\/td>\n\n<\/tr>\n\n\\n\\t   \n\n<tr class=\\\"even\\\">\n\n<td class=\\\"nb\\\"><strong>2 <\/strong><\/td>\n\n\n\n<td> Ivan Colas - Nacho Villafatie            <\/td>\n\n\n\n<td class=\\\"nb\\\"> 0 km \/ 438 km \/ 6d 11h Om 31s <\/td>\n\n<\/tr>\n\n\\n\\t   \n\n<tr class=\\\"even\\\">\n\n<td class=\\\"nb\\\"><strong>3 <\/strong><\/td>\n\n\n\n<td> Jakub Be\u00f1o - Peter Both                  <\/td>\n\n\n\n<td class=\\\"nb\\\"> 0 km \/ 438 km \/ 7d 04h Om 21s <\/td>\n\n<\/tr>\n\n\\n\\t   \n\n<tr class=\\\"even\\\">\n\n<td class=\\\"nb\\\"><strong>4 <\/strong><\/td>\n\n\n\n<td> Alex Ciuhandu - Vasile Trifan            <\/td>\n\n\n\n<td class=\\\"nb\\\"> 48 km \/ 390 km              <\/td>\n\n<\/tr>\n\n\\n\\t   \n\n<tr class=\\\"even\\\">\n\n<td class=\\\"nb\\\"><strong>5 <\/strong><\/td>\n\n\n\n<td> Claudio Heide! - Carlos Fernandez        <\/td>\n\n\n\n<td class=\\\"nb\\\"> 69 km \/ 369 km              <\/td>\n\n<\/tr>\n\n \\n\\t   \n\n<tr class=\\\"even\\\">\n\n<td class=\\\"nb\\\"><strong>6 <\/strong><\/td>\n\n\n\n<td> Alfredo Martin - Soledad Gull&           <\/td>\n\n\n\n<td class=\\\"nb\\\"> 118 km \/ 320 km             <\/td>\n\n<\/tr>\n\n  \\n\\t   \n\n<tr class=\\\"even\\\">\n\n<td class=\\\"nb\\\"><strong>7 <\/strong><\/td>\n\n\n\n<td> Armand Rubiella - Jose Isidro Gordito    <\/td>\n\n\n\n<td class=\\\"nb\\\"> 277 km \/ 161 km             <\/td>\n\n<\/tr>\n\n  \\n\\t   \n\n<tr class=\\\"even\\\">\n\n<td class=\\\"nb\\\"><strong>8 <\/strong><\/td>\n\n\n\n<td> Daniel Tena - Alfonso Jose Tena           <\/td>\n\n\n\n<td class=\\\"nb\\\"> 293 km \/ 145 km             <\/td>\n\n<\/tr>\n\n  \\n\\t   \n\n<tr class=\\\"even\\\">\n\n<td class=\\\"nb\\\"><strong>9 <\/strong><\/td>\n\n\n\n<td> Alan Fernandez - Juan Godoy              <\/td>\n\n\n\n<td class=\\\"nb\\\"> 321 km \/117 km             <\/td>\n\n<\/tr>\n\n   \\n\\t   \n\n<tr class=\\\"even\\\">\n\n<td class=\\\"nb\\\"><strong>10<\/strong><\/td>\n\n\n\n<td> Cholo Sanchez - Javier Atenza            <\/td>\n\n\n\n<td class=\\\"nb\\\"> 348 km \/ 90 km              <\/td>\n\n<\/tr>\n\n \\n\\t   \n\n<tr class=\\\"even\\\">\n\n<td class=\\\"nb\\\"><strong>11<\/strong><\/td>\n\n\n\n<td> Enric Llatser - Oscar Llatser            <\/td>\n\n\n\n<td class=\\\"nb\\\"> 370 km 68 km              <\/td>\n\n<\/tr>\n\n \\n\\t   \n\n<tr class=\\\"even\\\">\n\n<td class=\\\"nb\\\"><strong>12<\/strong><\/td>\n\n\n\n<td> Oriol Fernandez - Javier Fern\u00e1ndez       <\/td>\n\n\n\n<td class=\\\"nb\\\"> 403 km \/ 35 km              <\/td>\n\n<\/tr>\n\n \\n\\t<\/tbody>\n\n\\n<\/table>\n\n\"}}]}]}]},{\"type\":\"section\",\"props\":{\"image\":\"wp-content\/uploads\/2022\/02\/20180624_220513-scaled.jpg\",\"image_position\":\"bottom-center\",\"image_size\":\"cover\",\"image_width\":\"2500\",\"style\":\"muted\",\"title_breakpoint\":\"xl\",\"title_position\":\"top-left\",\"title_rotation\":\"left\",\"vertical_align\":\"\",\"width\":\"default\"},\"children\":[{\"type\":\"row\",\"children\":[{\"type\":\"column\",\"props\":{\"image_position\":\"center-center\",\"position_sticky_breakpoint\":\"m\"},\"children\":[{\"type\":\"video\",\"props\":{\"margin_bottom\":\"default\",\"margin_top\":\"default\",\"video\":\"https:\/\/player.vimeo.com\/video\/77317706\",\"video_controls\":true,\"video_height\":\"600\",\"video_loading\":\"lazy\",\"video_width\":\"1000\"}}]}]},{\"type\":\"row\",\"children\":[{\"type\":\"column\",\"props\":{\"image_position\":\"center-center\",\"position_sticky_breakpoint\":\"m\",\"width_medium\":\"1-3\"},\"children\":[{\"type\":\"video\",\"props\":{\"margin_bottom\":\"default\",\"margin_top\":\"default\",\"video\":\"https:\/\/player.vimeo.com\/video\/162905038\",\"video_controls\":true,\"video_height\":\"400\",\"video_loading\":\"lazy\",\"video_width\":\"600\"}},{\"type\":\"video\",\"props\":{\"margin_bottom\":\"default\",\"margin_top\":\"default\",\"video\":\"https:\/\/player.vimeo.com\/video\/162905034\",\"video_controls\":true,\"video_height\":\"400\",\"video_loading\":\"lazy\",\"video_width\":\"600\"}},{\"type\":\"video\",\"props\":{\"margin_bottom\":\"default\",\"margin_top\":\"default\",\"video\":\"https:\/\/player.vimeo.com\/video\/162903616\",\"video_controls\":true,\"video_height\":\"400\",\"video_loading\":\"lazy\",\"video_width\":\"600\"}}]},{\"type\":\"column\",\"props\":{\"image_position\":\"center-center\",\"position_sticky_breakpoint\":\"m\",\"width_medium\":\"1-3\"},\"children\":[{\"type\":\"video\",\"props\":{\"margin_bottom\":\"default\",\"margin_top\":\"default\",\"video\":\"https:\/\/player.vimeo.com\/video\/162905037\",\"video_controls\":true,\"video_height\":\"400\",\"video_loading\":\"lazy\",\"video_width\":\"600\"}},{\"type\":\"video\",\"props\":{\"margin_bottom\":\"default\",\"margin_top\":\"default\",\"video\":\"https:\/\/player.vimeo.com\/video\/162905035\",\"video_controls\":true,\"video_height\":\"400\",\"video_loading\":\"lazy\",\"video_width\":\"600\"}},{\"type\":\"video\",\"props\":{\"margin_bottom\":\"default\",\"margin_top\":\"default\",\"video\":\"https:\/\/player.vimeo.com\/video\/162903617\",\"video_controls\":true,\"video_height\":\"400\",\"video_loading\":\"lazy\",\"video_width\":\"600\"}}]},{\"type\":\"column\",\"props\":{\"image_position\":\"center-center\",\"position_sticky_breakpoint\":\"m\",\"width_medium\":\"1-3\"},\"children\":[{\"type\":\"video\",\"props\":{\"margin_bottom\":\"default\",\"margin_top\":\"default\",\"video\":\"https:\/\/player.vimeo.com\/video\/162905039\",\"video_controls\":true,\"video_height\":\"400\",\"video_loading\":\"lazy\",\"video_width\":\"600\"}},{\"type\":\"video\",\"props\":{\"margin_bottom\":\"default\",\"margin_top\":\"default\",\"video\":\"https:\/\/player.vimeo.com\/video\/162903613\",\"video_controls\":true,\"video_height\":\"400\",\"video_loading\":\"lazy\",\"video_width\":\"600\"}}]}],\"props\":{\"layout\":\"1-3,1-3,1-3\"}}],\"name\":\"videos_en_history_y_livetrack\"},{\"type\":\"section\",\"props\":{\"image_height\":\"500\",\"image_position\":\"center-right\",\"image_width\":\"500\",\"style\":\"secondary\",\"title_breakpoint\":\"xl\",\"title_position\":\"top-left\",\"title_rotation\":\"left\",\"vertical_align\":\"\",\"width\":\"default\"},\"children\":[{\"type\":\"row\",\"children\":[{\"type\":\"column\",\"props\":{\"image_position\":\"center-center\",\"position_sticky_breakpoint\":\"m\"},\"children\":[{\"type\":\"headline\",\"props\":{\"content\":\"X-Pyr previas\",\"image_align\":\"left\",\"image_margin\":\"xsmall\",\"title_element\":\"h1\"}},{\"type\":\"headline\",\"props\":{\"content\":\"\u00c9chale un vistazo a los res\u00famenes de otras X-Pyr\",\"image_align\":\"left\",\"image_margin\":\"xsmall\",\"title_element\":\"h1\",\"title_font_family\":\"default\",\"title_style\":\"h4\"}},{\"type\":\"grid\",\"props\":{\"content_column_breakpoint\":\"m\",\"filter_align\":\"left\",\"filter_all\":true,\"filter_grid_breakpoint\":\"m\",\"filter_grid_width\":\"auto\",\"filter_position\":\"top\",\"filter_style\":\"tab\",\"grid_column_gap\":\"small\",\"grid_default\":\"auto\",\"grid_divider\":false,\"grid_large\":\"auto\",\"grid_medium\":\"auto\",\"grid_row_gap\":\"small\",\"grid_small\":\"auto\",\"grid_xlarge\":\"5\",\"image_align\":\"top\",\"image_grid_breakpoint\":\"m\",\"image_grid_width\":\"1-2\",\"image_svg_color\":\"emphasis\",\"image_width\":\"280\",\"item_animation\":true,\"lightbox_bg_close\":true,\"link_style\":\"default\",\"link_target\":false,\"link_text\":\"\",\"margin_bottom\":\"default\",\"margin_top\":\"default\",\"meta_align\":\"below-title\",\"meta_element\":\"div\",\"meta_style\":\"text-meta\",\"panel_image_no_padding\":true,\"panel_link\":true,\"panel_link_hover\":\"true\",\"panel_style\":\"tile-muted\",\"parallax_easing\":\"1\",\"show_content\":true,\"show_hover_image\":true,\"show_hover_video\":true,\"show_image\":true,\"show_link\":true,\"show_meta\":true,\"show_title\":true,\"show_video\":true,\"text_align\":\"center\",\"title_align\":\"top\",\"title_color\":\"success\",\"title_element\":\"h1\",\"title_font_family\":\"secondary\",\"title_grid_breakpoint\":\"m\",\"title_grid_width\":\"1-2\",\"title_hover_style\":\"reset\",\"title_style\":\"h2\"},\"children\":[{\"type\":\"grid_item\",\"props\":{\"image\":\"img\/logos\/x-pyr\/logo_X-Pyr_azul_verde2014.svg\",\"link\":\"history\/2014-h\/\",\"title\":\"2014\"}},{\"type\":\"grid_item\",\"props\":{\"image\":\"img\/logos\/x-pyr\/logo_X-Pyr_azul_verde2016.svg\",\"link\":\"history\/2016-h\/\",\"title\":\"2016\"}},{\"type\":\"grid_item\",\"props\":{\"image\":\"img\/logos\/x-pyr\/logo_X-Pyr_azul_verde2018.svg\",\"link\":\"history\/2018-h\/\",\"title\":\"2018\"}},{\"type\":\"grid_item\",\"props\":{\"image\":\"img\/logos\/x-pyr\/logo_X-Pyr_azul_verde2020.svg\",\"link\":\"history\/2020-h\/\",\"title\":\"2020\"}},{\"type\":\"grid_item\",\"props\":{\"image\":\"img\/logos\/x-pyr\/logo_X-Pyr_azul_verde2022.svg\",\"link\":\"history\/2022-h\/\",\"title\":\"2022\"}},{\"type\":\"grid_item\",\"props\":{\"image\":\"img\/logos\/x-pyr\/logo_X-Pyr_azul_verde2024.svg\",\"link\":\"history\/2024-h\/\",\"title\":\"2024\"}}]}]}]}],\"name\":\"submenu_previous_editions\"}],\"version\":\"5.0.7\",\"yooessentialsVersion\":\"3.0.0-beta.8\"} --><\/p>\n","protected":false},"excerpt":{"rendered":"<p>2012, el a\u00f1o en que todo comenz\u00f3.Ten\u00edamos la X-Alps, y est\u00e1bamos (y estamos) enamorados de ella, pero quer\u00edamos un evento similar en los Pirineos. Y ese fue el comienzo de nuestra X-Pyr. Nuevo evento, nueva organizaci\u00f3n, la aventura no era s\u00f3lo para los equipos participantes. Tambi\u00e9n para ese peque\u00f1o equipo organizador (comparado con el actual) [&hellip;]<\/p>\n","protected":false},"author":3,"featured_media":0,"parent":31817,"menu_order":2012,"comment_status":"closed","ping_status":"closed","template":"","meta":{"_acf_changed":false,"footnotes":""},"class_list":["post-31819","page","type-page","status-publish","hentry"],"acf":[],"_links":{"self":[{"href":"http:\/\/dev-x-pyr.com\/es\/wp-json\/wp\/v2\/pages\/31819","targetHints":{"allow":["GET"]}}],"collection":[{"href":"http:\/\/dev-x-pyr.com\/es\/wp-json\/wp\/v2\/pages"}],"about":[{"href":"http:\/\/dev-x-pyr.com\/es\/wp-json\/wp\/v2\/types\/page"}],"author":[{"embeddable":true,"href":"http:\/\/dev-x-pyr.com\/es\/wp-json\/wp\/v2\/users\/3"}],"replies":[{"embeddable":true,"href":"http:\/\/dev-x-pyr.com\/es\/wp-json\/wp\/v2\/comments?post=31819"}],"version-history":[{"count":10,"href":"http:\/\/dev-x-pyr.com\/es\/wp-json\/wp\/v2\/pages\/31819\/revisions"}],"predecessor-version":[{"id":42570,"href":"http:\/\/dev-x-pyr.com\/es\/wp-json\/wp\/v2\/pages\/31819\/revisions\/42570"}],"up":[{"embeddable":true,"href":"http:\/\/dev-x-pyr.com\/es\/wp-json\/wp\/v2\/pages\/31817"}],"wp:attachment":[{"href":"http:\/\/dev-x-pyr.com\/es\/wp-json\/wp\/v2\/media?parent=31819"}],"curies":[{"name":"wp","href":"https:\/\/api.w.org\/{rel}","templated":true}]}}