{"id":31830,"date":"2022-02-19T11:57:04","date_gmt":"2022-02-19T10:57:04","guid":{"rendered":"http:\/\/dev-x-pyr.com\/ruta-2022\/"},"modified":"2022-06-21T14:34:33","modified_gmt":"2022-06-21T12:34:33","slug":"ruta-2022","status":"publish","type":"page","link":"http:\/\/dev-x-pyr.com\/es\/ruta-2022\/","title":{"rendered":"Ruta 2022"},"content":{"rendered":"<h1>Ruta 2022<\/h1>\n<p><img decoding=\"async\" src=\"\/wp-content\/uploads\/mapa_ruta2_2022-1.png\" alt=\"\"><\/p>\n<ul>\n<li>\n<\/li>\n<li>\n<\/li>\n<li>\n<\/li>\n<li>\n<\/li>\n<li>\n<\/li>\n<li>\n<\/li>\n<li>\n<\/li>\n<li>\n<\/li>\n<li>\n<\/li>\n<li>\n<\/li>\n<\/ul>\n<div>Haz click en los iconos de balizas<\/div>\n<h1>Presentaci\u00f3n<\/h1>\n<div>\n<div>\n<p><iframe loading=\"lazy\" width=\"1200\" height=\"900\" title=\"vimeo-player\" src=\"https:\/\/player.vimeo.com\/video\/714026846?h=aeb966b846\" frameborder=\"0\" allowfullscreen=\"allowfullscreen\"><\/iframe><\/p>\n<\/div>\n<div><\/div>\n<\/div>\n<div>\n<div>\n<p><iframe title=\"vimeo-player\" src=\"https:\/\/player.vimeo.com\/video\/714026846?h=aeb966b846\" frameborder=\"0\" allowfullscreen=\"allowfullscreen\"><\/iframe><\/p>\n<\/div>\n<div><\/div>\n<\/div>\n<h1>Balizas<\/h1>\n<div>\n<p id=\"route2022es\">Carrera de 605 km de costa a costa a trav\u00e9s de los Pirineos. Desde el Mar Cant\u00e1brico hasta el Mediterr\u00e1neo, en esta quinta edici\u00f3n de la X-Pyr.<br \/>Los equipos tendr\u00e1n que cruzar los siguientes puntos de paso (balizas):<\/p>\n<\/p>\n<figure id=\"t_dist\" class=\"wp-block-table is-style-stripes\">\n<table>\n<tbody>\n<tr>\n<th scope=\"col\" style=\"text-align: left;\">BALIZA<\/th>\n<th scope=\"col\" style=\"text-align: left;\">ALTITUD<\/th>\n<th scope=\"col\" style=\"text-align: left;\">RADIO<br \/>(metros)<\/th>\n<th scope=\"col\" style=\"text-align: left;\">DISTANCIA<br \/>ANTERIOR<\/th>\n<th scope=\"col\" style=\"text-align: left;\">DISTANCIA<br \/>SIGUIENTE<\/th>\n<th scope=\"col\" style=\"text-align: left;\">DISTANCIA<br \/>SALIDA<\/th>\n<th scope=\"col\" style=\"text-align: left;\">DISTANCIA<br \/>GOAL<\/th>\n<\/tr>\n<tr>\n<td>0\u00a0 <a href=\"http:\/\/dev-x-pyr.com\/es\/hondarribia\/\" data-wplink-url-error=\"true\">Hondarribia<\/a><\/td>\n<td>0 m<\/td>\n<td>\u00a0<\/td>\n<td>\u00a0<\/td>\n<td>15.1 km<\/td>\n<td>\u00a0<\/td>\n<td>605.5 km<\/td>\n<\/tr>\n<tr>\n<td>1\u00a0 <a href=\"http:\/\/dev-x-pyr.com\/es\/larun\/\">Larun<\/a><\/td>\n<td>870 m<\/td>\n<td>10 m<\/td>\n<td>15,1 km<\/td>\n<td>93,9 km<\/td>\n<td>15,1 km<\/td>\n<td>590,4 km<\/td>\n<\/tr>\n<tr>\n<td>2\u00a0 <a href=\"http:\/\/dev-x-pyr.com\/es\/accous\/\">Accous<\/a><\/td>\n<td>1204 m<\/td>\n<td>1000 m<\/td>\n<td>93,9 km<\/td>\n<td>83,3 km<\/td>\n<td>109 km<\/td>\n<td>496,5 km<\/td>\n<\/tr>\n<tr>\n<td>3\u00a0 <a href=\"http:\/\/dev-x-pyr.com\/es\/pena-montanesa\/\">Pe\u00f1a Monta\u00f1esa<\/a><\/td>\n<td>2492 m<\/td>\n<td>1000 m<\/td>\n<td>83,3 km<\/td>\n<td>77,5 km<\/td>\n<td>192,3 km<\/td>\n<td>413,2 km<\/td>\n<\/tr>\n<tr>\n<td>4\u00a0 <a href=\"http:\/\/dev-x-pyr.com\/es\/arbas\/\">Arbas<\/a><\/td>\n<td>1085 m<\/td>\n<td>1500 m<\/td>\n<td>77,5 km<\/td>\n<td>60,9 km<\/td>\n<td>269,8 km<\/td>\n<td>335,7 km<\/td>\n<\/tr>\n<tr>\n<td>5\u00a0 <a href=\"http:\/\/dev-x-pyr.com\/es\/midi-de-bigorre\/\">Midi de Bigorre<\/a><\/td>\n<td>2878 m<\/td>\n<td>1000 m<\/td>\n<td>60,9 km<\/td>\n<td>77,1 km<\/td>\n<td>330,7 km<\/td>\n<td>274,8 km<\/td>\n<\/tr>\n<tr>\n<td>6\u00a0 <a href=\"http:\/\/dev-x-pyr.com\/es\/el-corronco\/\">El Corronco<\/a><\/td>\n<td>2543 m<\/td>\n<td>1000 m<\/td>\n<td>77,1 km<\/td>\n<td>95,6 km<\/td>\n<td>407,8 km<\/td>\n<td>197,7 km<\/td>\n<\/tr>\n<tr>\n<td>7\u00a0 <a href=\"http:\/\/dev-x-pyr.com\/es\/pic-dels-moros\/\">Pic dels Moros<\/a><\/td>\n<td>2072 m<\/td>\n<td>1000 m<\/td>\n<td>95,6 km<\/td>\n<td>98,5 km<\/td>\n<td>503,4 km<\/td>\n<td>102,1 km<\/td>\n<\/tr>\n<tr>\n<td>8\u00a0<a href=\"http:\/\/dev-x-pyr.com\/es\/santa-helena-de-rodes\/\"> Santa Helena de Rodes<\/a><\/td>\n<td>538 m<\/td>\n<td>10 m<\/td>\n<td>98,5 km<\/td>\n<td>3,6 km<\/td>\n<td>601,9 km<\/td>\n<td>3,6 km<\/td>\n<\/tr>\n<tr>\n<td>9\u00a0 <a href=\"http:\/\/dev-x-pyr.com\/es\/el-port-de-la-selva\/\">El Port de la Selva<\/a><\/td>\n<td>0 m<\/td>\n<td>\u00a0<\/td>\n<td>3.6 km<\/td>\n<td>\u00a0<\/td>\n<td>605,5 km<\/td>\n<td>\u00a0<\/td>\n<\/tr>\n<\/tbody>\n<\/table>\n<\/figure>\n<\/div>\n<p><!--more--><br \/>\n<!-- {\"children\":[{\"type\":\"section\",\"props\":{\"style\":\"default\",\"width\":\"\",\"vertical_align\":\"middle\",\"title_position\":\"top-left\",\"title_rotation\":\"left\",\"title_breakpoint\":\"xl\",\"image_position\":\"center-center\"},\"children\":[{\"type\":\"row\",\"children\":[{\"type\":\"column\",\"props\":{\"position_sticky_breakpoint\":\"m\",\"image_position\":\"center-center\",\"media_overlay_gradient\":\"\",\"width_medium\":\"1-1\"},\"children\":[{\"type\":\"headline\",\"props\":{\"title_element\":\"h1\",\"content\":\"Ruta 2022\",\"title_style\":\"heading-small\",\"title_font_family\":\"default\",\"text_align\":\"center\"}},{\"type\":\"popover\",\"props\":{\"show_title\":true,\"show_meta\":true,\"show_content\":true,\"show_image\":true,\"show_link\":true,\"icon\":\"plus\",\"drop_mode\":\"click\",\"drop_position\":\"top-center\",\"card_style\":\"default\",\"title_hover_style\":\"reset\",\"title_element\":\"h3\",\"meta_style\":\"meta\",\"meta_align\":\"below-title\",\"meta_element\":\"div\",\"image_card_padding\":true,\"image_svg_color\":\"emphasis\",\"link_text\":\"Read more\",\"link_style\":\"default\",\"margin\":\"default\",\"background_image\":\"wp-content\\\/uploads\\\/mapa_ruta2_2022-1.png\",\"background_image_width\":\"2499\",\"image_width\":\"2500\",\"background_image_height\":\"1028\",\"class\":\"balizas\"},\"children\":[{\"type\":\"popover_item\",\"props\":{\"position_x\":\"15\",\"position_y\":\"39\"},\"source\":{\"query\":{\"name\":\"posts.customPost\",\"arguments\":{\"terms\":[380],\"category_operator\":\"IN\",\"post_tag_operator\":\"IN\",\"users\":[],\"users_operator\":\"IN\",\"offset\":-1,\"order\":\"field:tp-number\",\"order_direction\":\"ASC\"}},\"props\":{\"title\":{\"filters\":{\"search\":\"\"},\"name\":\"field.tp_name\"},\"meta\":{\"filters\":{\"search\":\"\",\"after\":\" m.\",\"before\":\"Radio: \"},\"name\":\"field.tp_radio\"},\"content\":{\"filters\":{\"search\":\"\",\"limit\":150},\"name\":\"field.tp_description\"},\"image\":{\"filters\":{\"search\":\"\"},\"name\":\"field.tp_img_1.url\"},\"image_alt\":{\"filters\":{\"search\":\"\"},\"name\":\"field.tp_img_1.alt\"},\"link\":{\"filters\":{\"search\":\"\"},\"name\":\"link\"}}}},{\"type\":\"popover_item\",\"props\":{\"position_x\":\"9\",\"position_y\":\"34\"},\"source\":{\"query\":{\"name\":\"posts.customPost\",\"arguments\":{\"terms\":[380],\"category_operator\":\"IN\",\"post_tag_operator\":\"IN\",\"users\":[],\"users_operator\":\"IN\",\"offset\":0,\"order\":\"field:tp-number\",\"order_direction\":\"ASC\",\"order_alphanum\":false}},\"props\":{\"title\":{\"filters\":{\"search\":\"\"},\"name\":\"field.tp_name\"},\"meta\":{\"filters\":{\"search\":\"\",\"before\":\"Radio:\",\"after\":\" m.\"},\"name\":\"field.tp_radio\"},\"content\":{\"filters\":{\"search\":\"\",\"limit\":150},\"name\":\"field.tp_description\"},\"image\":{\"filters\":{\"search\":\"\"},\"name\":\"field.tp_img_1.url\"},\"image_alt\":{\"filters\":{\"search\":\"\"},\"name\":\"field.tp_img_1.alt\"},\"link\":{\"filters\":{\"search\":\"\"},\"name\":\"link\"}}}},{\"type\":\"popover_item\",\"props\":{\"position_x\":\"25\",\"position_y\":\"47\"},\"source\":{\"query\":{\"name\":\"posts.customPost\",\"arguments\":{\"terms\":[380],\"category_operator\":\"IN\",\"post_tag_operator\":\"IN\",\"users\":[],\"users_operator\":\"IN\",\"offset\":2,\"order\":\"field:tp-number\",\"order_direction\":\"ASC\",\"order_alphanum\":false}},\"props\":{\"title\":{\"filters\":{\"search\":\"\"},\"name\":\"field.tp_name\"},\"meta\":{\"filters\":{\"search\":\"\",\"before\":\"Radio:\",\"after\":\" m.\"},\"name\":\"field.tp_radio\"},\"content\":{\"filters\":{\"search\":\"\",\"limit\":150},\"name\":\"field.tp_description\"},\"image\":{\"filters\":{\"search\":\"\"},\"name\":\"field.tp_img_1.url\"},\"image_alt\":{\"filters\":{\"search\":\"\"},\"name\":\"field.tp_img_1.alt\"},\"link\":{\"filters\":{\"search\":\"\"},\"name\":\"link\"}}}},{\"type\":\"popover_item\",\"props\":{\"position_x\":\"42\",\"position_y\":\"66\"},\"source\":{\"query\":{\"name\":\"posts.customPost\",\"arguments\":{\"terms\":[380],\"category_operator\":\"IN\",\"post_tag_operator\":\"IN\",\"users\":[],\"users_operator\":\"IN\",\"offset\":3,\"order\":\"field:tp-number\",\"order_direction\":\"ASC\",\"order_alphanum\":false}},\"props\":{\"title\":{\"filters\":{\"search\":\"\"},\"name\":\"field.tp_name\"},\"meta\":{\"filters\":{\"search\":\"\",\"before\":\"Radio:\",\"after\":\" m.\"},\"name\":\"field.tp_radio\"},\"content\":{\"filters\":{\"search\":\"\",\"limit\":150},\"name\":\"field.tp_description\"},\"image\":{\"filters\":{\"search\":\"\"},\"name\":\"field.tp_img_1.url\"},\"image_alt\":{\"filters\":{\"search\":\"\"},\"name\":\"field.tp_img_1.alt\"},\"link\":{\"filters\":{\"search\":\"\"},\"name\":\"link\"}}}},{\"type\":\"popover_item\",\"props\":{\"position_x\":\"51\",\"position_y\":\"39\"},\"source\":{\"query\":{\"name\":\"posts.customPost\",\"arguments\":{\"terms\":[380],\"category_operator\":\"IN\",\"post_tag_operator\":\"IN\",\"users\":[],\"users_operator\":\"IN\",\"offset\":4,\"order\":\"field:tp-number\",\"order_direction\":\"ASC\",\"order_alphanum\":false}},\"props\":{\"title\":{\"filters\":{\"search\":\"\"},\"name\":\"field.tp_name\"},\"meta\":{\"filters\":{\"search\":\"\",\"before\":\"Radio:\",\"after\":\" m.\"},\"name\":\"field.tp_radio\"},\"content\":{\"filters\":{\"search\":\"\",\"limit\":150},\"name\":\"field.tp_description\"},\"image\":{\"filters\":{\"search\":\"\"},\"name\":\"field.tp_img_1.url\"},\"image_alt\":{\"filters\":{\"search\":\"\"},\"name\":\"field.tp_img_1.alt\"},\"link\":{\"filters\":{\"search\":\"\"},\"name\":\"link\"}}}},{\"type\":\"popover_item\",\"props\":{\"position_x\":\"38\",\"position_y\":\"44\"},\"source\":{\"query\":{\"name\":\"posts.customPost\",\"arguments\":{\"terms\":[380],\"category_operator\":\"IN\",\"post_tag_operator\":\"IN\",\"users\":[],\"users_operator\":\"IN\",\"offset\":5,\"order\":\"date\",\"order_direction\":\"ASC\",\"order_alphanum\":false}},\"props\":{\"title\":{\"filters\":{\"search\":\"\"},\"name\":\"field.tp_name\"},\"meta\":{\"filters\":{\"search\":\"\",\"before\":\"Radio:\",\"after\":\" m.\"},\"name\":\"field.tp_radio\"},\"content\":{\"filters\":{\"search\":\"\",\"limit\":150},\"name\":\"field.tp_description\"},\"image\":{\"filters\":{\"search\":\"\"},\"name\":\"field.tp_img_1.url\"},\"image_alt\":{\"filters\":{\"search\":\"\"},\"name\":\"field.tp_img_1.alt\"},\"link\":{\"filters\":{\"search\":\"\"},\"name\":\"link\"}}}},{\"type\":\"popover_item\",\"props\":{\"position_x\":\"50\",\"position_y\":\"63\"},\"source\":{\"query\":{\"name\":\"posts.customPost\",\"arguments\":{\"terms\":[380],\"category_operator\":\"IN\",\"post_tag_operator\":\"IN\",\"users\":[],\"users_operator\":\"IN\",\"offset\":6,\"order\":\"date\",\"order_direction\":\"ASC\",\"order_alphanum\":false}},\"props\":{\"title\":{\"filters\":{\"search\":\"\"},\"name\":\"field.tp_name\"},\"meta\":{\"filters\":{\"search\":\"\",\"before\":\"Radio:\",\"after\":\" m.\"},\"name\":\"field.tp_radio\"},\"content\":{\"filters\":{\"search\":\"\",\"limit\":150},\"name\":\"field.tp_description\"},\"image\":{\"filters\":{\"search\":\"\"},\"name\":\"field.tp_img_1.url\"},\"image_alt\":{\"filters\":{\"search\":\"\"},\"name\":\"field.tp_img_1.alt\"},\"link\":{\"filters\":{\"search\":\"\"},\"name\":\"link\"}}}},{\"type\":\"popover_item\",\"props\":{\"position_x\":\"69\",\"position_y\":\"55\"},\"source\":{\"query\":{\"name\":\"posts.customPost\",\"arguments\":{\"terms\":[380],\"category_operator\":\"IN\",\"post_tag_operator\":\"IN\",\"users\":[],\"users_operator\":\"IN\",\"offset\":7,\"order\":\"date\",\"order_direction\":\"ASC\",\"order_alphanum\":false}},\"props\":{\"title\":{\"filters\":{\"search\":\"\"},\"name\":\"field.tp_name\"},\"meta\":{\"filters\":{\"search\":\"\",\"before\":\"Radio:\",\"after\":\" m.\"},\"name\":\"field.tp_radio\"},\"content\":{\"filters\":{\"search\":\"\",\"limit\":150},\"name\":\"field.tp_description\"},\"image\":{\"filters\":{\"search\":\"\"},\"name\":\"field.tp_img_1.url\"},\"image_alt\":{\"filters\":{\"search\":\"\"},\"name\":\"field.tp_img_1.alt\"},\"link\":{\"filters\":{\"search\":\"\"},\"name\":\"link\"}}}},{\"type\":\"popover_item\",\"props\":{\"position_x\":\"87\",\"position_y\":\"57\"},\"source\":{\"query\":{\"name\":\"posts.customPost\",\"arguments\":{\"terms\":[380],\"category_operator\":\"IN\",\"post_tag_operator\":\"IN\",\"users\":[],\"users_operator\":\"IN\",\"offset\":8,\"order\":\"date\",\"order_direction\":\"ASC\",\"order_alphanum\":false}},\"props\":{\"title\":{\"filters\":{\"search\":\"\"},\"name\":\"field.tp_name\"},\"meta\":{\"filters\":{\"search\":\"\",\"before\":\"Radio:\",\"after\":\" m.\"},\"name\":\"field.tp_radio\"},\"content\":{\"filters\":{\"search\":\"\",\"limit\":150},\"name\":\"field.tp_description\"},\"image\":{\"filters\":{\"search\":\"\"},\"name\":\"field.tp_img_1.url\"},\"image_alt\":{\"filters\":{\"search\":\"\"},\"name\":\"field.tp_img_1.alt\"},\"link\":{\"filters\":{\"search\":\"\"},\"name\":\"link\"}}}},{\"type\":\"popover_item\",\"props\":{\"position_x\":\"89.5\",\"position_y\":\"57.2\"},\"source\":{\"query\":{\"name\":\"posts.customPost\",\"arguments\":{\"terms\":[380],\"category_operator\":\"IN\",\"post_tag_operator\":\"IN\",\"users\":[],\"users_operator\":\"IN\",\"offset\":9,\"order\":\"date\",\"order_direction\":\"ASC\",\"order_alphanum\":false}},\"props\":{\"title\":{\"filters\":{\"search\":\"\"},\"name\":\"field.tp_name\"},\"meta\":{\"filters\":{\"search\":\"\",\"before\":\"Radio:\",\"after\":\" m.\"},\"name\":\"field.tp_radio\"},\"content\":{\"filters\":{\"search\":\"\",\"limit\":150},\"name\":\"field.tp_description\"},\"image\":{\"filters\":{\"search\":\"\"},\"name\":\"field.tp_img_1.url\"},\"image_alt\":{\"filters\":{\"search\":\"\"},\"name\":\"field.tp_img_1.alt\"},\"link\":{\"filters\":{\"search\":\"\"},\"name\":\"link\"}}}}]},{\"type\":\"text\",\"props\":{\"margin\":\"default\",\"column_breakpoint\":\"m\",\"maxwidth\":\"xlarge\",\"block_align\":\"center\",\"margin_remove_top\":true,\"text_style\":\"meta\",\"text_color\":\"muted\",\"content\":\"Haz click en los iconos de balizas\",\"text_align\":\"center\",\"position\":\"relative\",\"position_top\":\"-70\"}}]}]},{\"type\":\"row\",\"props\":{\"width\":\"default\",\"status\":\"\"},\"children\":[{\"type\":\"column\",\"props\":{\"position_sticky_breakpoint\":\"m\",\"image_position\":\"center-center\",\"media_overlay_gradient\":\"\"},\"children\":[{\"type\":\"headline\",\"props\":{\"title_element\":\"h1\",\"content\":\"Presentaci\\u00f3n\"}},{\"type\":\"hd-toggle\",\"props\":{\"btn_label\":\"Route\",\"content\":\"\n\n<p><iframe width=\\\"1200\\\" height=\\\"900\\\" title=\\\"vimeo-player\\\" src=\\\"https:\\\/\\\/player.vimeo.com\\\/video\\\/714026846?h=aeb966b846\\\" frameborder=\\\"0\\\" allowfullscreen=\\\"allowfullscreen\\\"><\\\/iframe><\\\/p>\",\"content2\":\"\",\"btn_style\":\"primary\",\"btn_size\":\"\",\"icon_align\":\"left\",\"mode\":\"click\",\"media\":\"false\",\"hidden\":true,\"target\":\"false\",\"cls\":\"\",\"toggle_animation_advanced\":\"false\",\"toggle_animation_use_advanced\":false,\"duration\":200,\"queued\":true,\"margin\":\"default\",\"toggle_animation\":\"false\",\"icon\":\"play-circle\",\"visibility\":\"l\"},\"children\":[],\"name\":\"video_toggle_en\"},{\"type\":\"hd-toggle\",\"props\":{\"btn_label\":\"Route\",\"content\":\"\n\n<p><iframe title=\\\"vimeo-player\\\" src=\\\"https:\\\/\\\/player.vimeo.com\\\/video\\\/714026846?h=aeb966b846\\\" frameborder=\\\"0\\\" allowfullscreen=\\\"allowfullscreen\\\"><\\\/iframe><\\\/p>\",\"content2\":\"\",\"btn_style\":\"primary\",\"btn_size\":\"\",\"icon_align\":\"left\",\"mode\":\"click\",\"media\":\"false\",\"hidden\":true,\"target\":\"false\",\"cls\":\"\",\"toggle_animation_advanced\":\"false\",\"toggle_animation_use_advanced\":false,\"duration\":200,\"queued\":true,\"margin\":\"default\",\"toggle_animation\":\"false\",\"icon\":\"play-circle\",\"visibility\":\"hidden-l\"},\"children\":[],\"name\":\"video_toggle_en\"}]}]}]},{\"type\":\"section\",\"props\":{\"style\":\"default\",\"width\":\"default\",\"vertical_align\":\"middle\",\"title_position\":\"top-left\",\"title_rotation\":\"left\",\"title_breakpoint\":\"xl\",\"image_position\":\"center-center\",\"padding_remove_top\":true},\"children\":[{\"type\":\"row\",\"children\":[{\"type\":\"column\",\"props\":{\"position_sticky_breakpoint\":\"m\",\"image_position\":\"center-center\",\"media_overlay_gradient\":\"\",\"width_medium\":\"1-1\"},\"children\":[{\"type\":\"headline\",\"props\":{\"title_element\":\"h1\",\"content\":\"Balizas\"}},{\"type\":\"text\",\"props\":{\"margin\":\"default\",\"column_breakpoint\":\"m\",\"content\":\"\n\n<p id=\\\"route2022es\\\">Carrera de 605 km de costa a costa a trav\\u00e9s de los Pirineos. Desde el Mar Cant\\u00e1brico hasta el Mediterr\\u00e1neo, en esta quinta edici\\u00f3n de la X-Pyr.<br \\\/>Los equipos tendr\\u00e1n que cruzar los siguientes puntos de paso (balizas):<\\\/p>\\n\n\n<p><\\\/p>\\n\n\n<figure id=\\\"t_dist\\\" class=\\\"wp-block-table is-style-stripes\\\">\\n\n\n<table>\\n\n\n<tbody>\\n\n\n<tr>\\n\n\n<th scope=\\\"col\\\" style=\\\"text-align: left;\\\">BALIZA<\\\/th>\\n\n\n<th scope=\\\"col\\\" style=\\\"text-align: left;\\\">ALTITUD<\\\/th>\\n\n\n<th scope=\\\"col\\\" style=\\\"text-align: left;\\\">RADIO<br \\\/>(metros)<\\\/th>\\n\n\n<th scope=\\\"col\\\" style=\\\"text-align: left;\\\">DISTANCIA<br \\\/>ANTERIOR<\\\/th>\\n\n\n<th scope=\\\"col\\\" style=\\\"text-align: left;\\\">DISTANCIA<br \\\/>SIGUIENTE<\\\/th>\\n\n\n<th scope=\\\"col\\\" style=\\\"text-align: left;\\\">DISTANCIA<br \\\/>SALIDA<\\\/th>\\n\n\n<th scope=\\\"col\\\" style=\\\"text-align: left;\\\">DISTANCIA<br \\\/>GOAL<\\\/th>\\n<\\\/tr>\\n\n\n<tr>\\n\n\n<td>0\\u00a0 <a href=\\\"http:\\\/\\\/dev-x-pyr.com\\\/es\\\/hondarribia\\\/\\\" data-wplink-url-error=\\\"true\\\">Hondarribia<\\\/a><\\\/td>\\n\n\n<td>0 m<\\\/td>\\n\n\n<td>\\u00a0<\\\/td>\\n\n\n<td>\\u00a0<\\\/td>\\n\n\n<td>15.1 km<\\\/td>\\n\n\n<td>\\u00a0<\\\/td>\\n\n\n<td>605.5 km<\\\/td>\\n<\\\/tr>\\n\n\n<tr>\\n\n\n<td>1\\u00a0 <a href=\\\"http:\\\/\\\/dev-x-pyr.com\\\/es\\\/larun\\\/\\\">Larun<\\\/a><\\\/td>\\n\n\n<td>870 m<\\\/td>\\n\n\n<td>10 m<\\\/td>\\n\n\n<td>15,1 km<\\\/td>\\n\n\n<td>93,9 km<\\\/td>\\n\n\n<td>15,1 km<\\\/td>\\n\n\n<td>590,4 km<\\\/td>\\n<\\\/tr>\\n\n\n<tr>\\n\n\n<td>2\\u00a0 <a href=\\\"http:\\\/\\\/dev-x-pyr.com\\\/es\\\/accous\\\/\\\">Accous<\\\/a><\\\/td>\\n\n\n<td>1204 m<\\\/td>\\n\n\n<td>1000 m<\\\/td>\\n\n\n<td>93,9 km<\\\/td>\\n\n\n<td>83,3 km<\\\/td>\\n\n\n<td>109 km<\\\/td>\\n\n\n<td>496,5 km<\\\/td>\\n<\\\/tr>\\n\n\n<tr>\\n\n\n<td>3\\u00a0 <a href=\\\"http:\\\/\\\/dev-x-pyr.com\\\/es\\\/pena-montanesa\\\/\\\">Pe\\u00f1a Monta\\u00f1esa<\\\/a><\\\/td>\\n\n\n<td>2492 m<\\\/td>\\n\n\n<td>1000 m<\\\/td>\\n\n\n<td>83,3 km<\\\/td>\\n\n\n<td>77,5 km<\\\/td>\\n\n\n<td>192,3 km<\\\/td>\\n\n\n<td>413,2 km<\\\/td>\\n<\\\/tr>\\n\n\n<tr>\\n\n\n<td>4\\u00a0 <a href=\\\"http:\\\/\\\/dev-x-pyr.com\\\/es\\\/arbas\\\/\\\">Arbas<\\\/a><\\\/td>\\n\n\n<td>1085 m<\\\/td>\\n\n\n<td>1500 m<\\\/td>\\n\n\n<td>77,5 km<\\\/td>\\n\n\n<td>60,9 km<\\\/td>\\n\n\n<td>269,8 km<\\\/td>\\n\n\n<td>335,7 km<\\\/td>\\n<\\\/tr>\\n\n\n<tr>\\n\n\n<td>5\\u00a0 <a href=\\\"http:\\\/\\\/dev-x-pyr.com\\\/es\\\/midi-de-bigorre\\\/\\\">Midi de Bigorre<\\\/a><\\\/td>\\n\n\n<td>2878 m<\\\/td>\\n\n\n<td>1000 m<\\\/td>\\n\n\n<td>60,9 km<\\\/td>\\n\n\n<td>77,1 km<\\\/td>\\n\n\n<td>330,7 km<\\\/td>\\n\n\n<td>274,8 km<\\\/td>\\n<\\\/tr>\\n\n\n<tr>\\n\n\n<td>6\\u00a0 <a href=\\\"http:\\\/\\\/dev-x-pyr.com\\\/es\\\/el-corronco\\\/\\\">El Corronco<\\\/a><\\\/td>\\n\n\n<td>2543 m<\\\/td>\\n\n\n<td>1000 m<\\\/td>\\n\n\n<td>77,1 km<\\\/td>\\n\n\n<td>95,6 km<\\\/td>\\n\n\n<td>407,8 km<\\\/td>\\n\n\n<td>197,7 km<\\\/td>\\n<\\\/tr>\\n\n\n<tr>\\n\n\n<td>7\\u00a0 <a href=\\\"http:\\\/\\\/dev-x-pyr.com\\\/es\\\/pic-dels-moros\\\/\\\">Pic dels Moros<\\\/a><\\\/td>\\n\n\n<td>2072 m<\\\/td>\\n\n\n<td>1000 m<\\\/td>\\n\n\n<td>95,6 km<\\\/td>\\n\n\n<td>98,5 km<\\\/td>\\n\n\n<td>503,4 km<\\\/td>\\n\n\n<td>102,1 km<\\\/td>\\n<\\\/tr>\\n\n\n<tr>\\n\n\n<td>8\\u00a0<a href=\\\"http:\\\/\\\/dev-x-pyr.com\\\/es\\\/santa-helena-de-rodes\\\/\\\"> Santa Helena de Rodes<\\\/a><\\\/td>\\n\n\n<td>538 m<\\\/td>\\n\n\n<td>10 m<\\\/td>\\n\n\n<td>98,5 km<\\\/td>\\n\n\n<td>3,6 km<\\\/td>\\n\n\n<td>601,9 km<\\\/td>\\n\n\n<td>3,6 km<\\\/td>\\n<\\\/tr>\\n\n\n<tr>\\n\n\n<td>9\\u00a0 <a href=\\\"http:\\\/\\\/dev-x-pyr.com\\\/es\\\/el-port-de-la-selva\\\/\\\">El Port de la Selva<\\\/a><\\\/td>\\n\n\n<td>0 m<\\\/td>\\n\n\n<td>\\u00a0<\\\/td>\\n\n\n<td>3.6 km<\\\/td>\\n\n\n<td>\\u00a0<\\\/td>\\n\n\n<td>605,5 km<\\\/td>\\n\n\n<td>\\u00a0<\\\/td>\\n<\\\/tr>\\n<\\\/tbody>\\n<\\\/table>\\n\n\n<p><\\\/p>\\n<\\\/figure>\"}}]}]}]}],\"type\":\"layout\",\"version\":\"2.7.22\",\"yooessentialsVersion\":\"1.6.8\"} --><\/p>\n","protected":false},"excerpt":{"rendered":"<p>Ruta 2022 Haz click en los iconos de balizas Presentaci\u00f3n Balizas Carrera de 605 km de costa a costa a trav\u00e9s de los Pirineos. Desde el Mar Cant\u00e1brico hasta el Mediterr\u00e1neo, en esta quinta edici\u00f3n de la X-Pyr.Los equipos tendr\u00e1n que cruzar los siguientes puntos de paso (balizas): BALIZA ALTITUD RADIO(metros) DISTANCIAANTERIOR DISTANCIASIGUIENTE DISTANCIASALIDA DISTANCIAGOAL [&hellip;]<\/p>\n","protected":false},"author":3,"featured_media":0,"parent":0,"menu_order":0,"comment_status":"closed","ping_status":"closed","template":"","meta":{"_acf_changed":false,"footnotes":""},"class_list":["post-31830","page","type-page","status-publish","hentry"],"acf":[],"_links":{"self":[{"href":"http:\/\/dev-x-pyr.com\/es\/wp-json\/wp\/v2\/pages\/31830","targetHints":{"allow":["GET"]}}],"collection":[{"href":"http:\/\/dev-x-pyr.com\/es\/wp-json\/wp\/v2\/pages"}],"about":[{"href":"http:\/\/dev-x-pyr.com\/es\/wp-json\/wp\/v2\/types\/page"}],"author":[{"embeddable":true,"href":"http:\/\/dev-x-pyr.com\/es\/wp-json\/wp\/v2\/users\/3"}],"replies":[{"embeddable":true,"href":"http:\/\/dev-x-pyr.com\/es\/wp-json\/wp\/v2\/comments?post=31830"}],"version-history":[{"count":57,"href":"http:\/\/dev-x-pyr.com\/es\/wp-json\/wp\/v2\/pages\/31830\/revisions"}],"predecessor-version":[{"id":34245,"href":"http:\/\/dev-x-pyr.com\/es\/wp-json\/wp\/v2\/pages\/31830\/revisions\/34245"}],"wp:attachment":[{"href":"http:\/\/dev-x-pyr.com\/es\/wp-json\/wp\/v2\/media?parent=31830"}],"curies":[{"name":"wp","href":"https:\/\/api.w.org\/{rel}","templated":true}]}}