{"id":38668,"date":"2022-02-20T11:59:56","date_gmt":"2022-02-20T10:59:56","guid":{"rendered":"http:\/\/dev-x-pyr.com\/historia\/2020-2\/"},"modified":"2026-01-25T11:57:40","modified_gmt":"2026-01-25T10:57:40","slug":"2020-h","status":"publish","type":"page","link":"http:\/\/dev-x-pyr.com\/es\/historia\/2020-h\/","title":{"rendered":"2020"},"content":{"rendered":"<p><img decoding=\"async\" src=\"\/img\/logos\/x-pyr\/logo_X-Pyr_azul_verde2020.svg\" alt=\"\"><\/p>\n<h1>\n<p>El a\u00f1o de la COVID.<\/p>\n<p>Despu\u00e9s de preparar toda la carrera y seleccionar los equipos participantes, no fue posible realizar el evento debido a la crisis mundial de la pandemia de la COVID. <br \/>Por supuesto, hay cosas m\u00e1s importantes que la X-Pyr.<\/p>\n<p>En cualquier caso, y aunque esta edici\u00f3n (casi) no existiera, hay que recordar a los equipos que fueron seleccionados para ella.<\/p>\n<p>En 2020 la carrera fue creciendo. La organizaci\u00f3n volvi\u00f3 a aumentar el n\u00famero de equipos participantes a 45, debido al elevado n\u00famero de solicitudes.<\/p>\n<p>Desgraciadamente, no se public\u00f3 el recorrido, debido a la pandemia, y, por supuesto, no hubo clasificaciones ni livetrack.<\/p>\n<\/h1>\n<hr>\n<h1>Teams<\/h1>\n<hr>\n<div>\n<table class=\"uk-table uk-table-striped uk-table-hover uk-table-small\" id=\"\" cellpadding=\"\">\n<thead>\n<tr>\n<th class=\"header\">Pilot \/ Assistant<\/th>\n<\/tr>\n<\/thead>\n<tbody>\n<tr class=\"odd\">\n<td>Andreas Viehb\u00f6ck \/ Berthold Stadler<\/td>\n<\/tr>\n<tr class=\"even\">\n<td>Andrei Mashak \/ Andrey Bukin<\/td>\n<\/tr>\n<tr class=\"odd\">\n<td>Antonio Ramos \/ Luis Felipe Tudela<\/td>\n<\/tr>\n<tr class=\"even\">\n<td>Bar\u0131\u015f \u00c7elik \/ Met\u00edn Kavuncuo<\/td>\n<\/tr>\n<tr class=\"odd\">\n<td>Bogdan &#8211; Tudor Selever \/ Aurelian Orheanu<\/td>\n<\/tr>\n<tr class=\"even\">\n<td>Cedar Wright \/ Mike Lester<\/td>\n<\/tr>\n<tr class=\"odd\">\n<td>Christoph F\u00e4ssler \/ Ren\u00e9 Schimenz<\/td>\n<\/tr>\n<tr class=\"even\">\n<td>Dagfinn Graneng \/ Hallvard Mager\u00f8y<\/td>\n<\/tr>\n<tr class=\"odd\">\n<td>Damien Lacaze \/ Sol\u00e8ne Rombourg<\/td>\n<\/tr>\n<tr class=\"even\">\n<td>David Lia\u00f1o \/ Alejandro Gonz\u00e1lez<\/td>\n<\/tr>\n<tr class=\"odd\">\n<td>Dominika Kasieczko \/ Pawel Biegun<\/td>\n<\/tr>\n<tr class=\"even\">\n<td>Edouard Potel \/ Simon Tattevin<\/td>\n<\/tr>\n<tr class=\"odd\">\n<td>Eliya Soar Zemmour \/ Ohayon Omri<\/td>\n<\/tr>\n<tr class=\"even\">\n<td>Fabian Umbricht \/ Stephanie Westerhuis<\/td>\n<\/tr>\n<tr class=\"odd\">\n<td>Fran\u00e7ois Perie \/ Est\u00e9ban Bourroufi\u00e8s<\/td>\n<\/tr>\n<tr class=\"even\">\n<td>Fr\u00e9d\u00e9ric Juvaux \/ Fabrice Ich\u00e9<\/td>\n<\/tr>\n<tr class=\"odd\">\n<td>Hanes K\u00e4mpf \/ Andr\u00e9 Glauser<\/td>\n<\/tr>\n<tr class=\"even\">\n<td>Jakub Be\u0148o \/ Maro\u0161 Kurek<\/td>\n<\/tr>\n<tr class=\"odd\">\n<td>James Hope-Lang \/ Andy Read<\/td>\n<\/tr>\n<tr class=\"even\">\n<td>Jo\u00e3o Pedro Simonsen \/ Renata de Mattos Granda<\/td>\n<\/tr>\n<tr class=\"odd\">\n<td>Jordi Vilalta \/ Albert Cantenys<\/td>\n<\/tr>\n<tr class=\"even\">\n<td>Jos\u00e9 Ignacio Ar\u00e9valo \/ Francisco Javier Delgado<\/td>\n<\/tr>\n<tr class=\"odd\">\n<td>Juraj Kore\u0148 \/ Zdeno Vacke<\/td>\n<\/tr>\n<tr class=\"even\">\n<td>Luis Linde \/ Nacho Recas<\/td>\n<\/tr>\n<tr class=\"odd\">\n<td>Manuel Bustos \/ Israel Gonz\u00e1lez<\/td>\n<\/tr>\n<tr class=\"even\">\n<td>Manuel N\u00fcbel \/ Sascha Rentel<\/td>\n<\/tr>\n<tr class=\"odd\">\n<td>Maxime Pinot \/ J\u00e9r\u00e9mie Lager<\/td>\n<\/tr>\n<tr class=\"even\">\n<td>Maximo Vela \/ Sergio De Lis<\/td>\n<\/tr>\n<tr class=\"odd\">\n<td>Michal Gierlach \/ Maciej Zietara<\/td>\n<\/tr>\n<tr class=\"even\">\n<td>Mitchel Riley \/ Violeta Jim\u00e9nez<\/td>\n<\/tr>\n<tr class=\"odd\">\n<td>Patrick Sieber \/ Manon Haar<\/td>\n<\/tr>\n<tr class=\"even\">\n<td>Paul de Boer \/ Hugo Robben<\/td>\n<\/tr>\n<tr class=\"odd\">\n<td>Pier Paolo Role \/ Marco Appino<\/td>\n<\/tr>\n<tr class=\"even\">\n<td>Pierre Remy \/ Benjamin Gaudry<\/td>\n<\/tr>\n<tr class=\"odd\">\n<td>Samuel Vurpillot \/ Pascale Menu<\/td>\n<\/tr>\n<tr class=\"odd\">\n<td>Sergi Claret \/ David Polo<\/td>\n<\/tr>\n<tr class=\"odd\">\n<td>Shane Tighe \/ Molly McEwin<\/td>\n<\/tr>\n<tr class=\"odd\">\n<td>Simon Oberrauner \/ Simon Volker<\/td>\n<\/tr>\n<tr class=\"odd\">\n<td>Stanislav Mayer \/ Stanislav Hruban<\/td>\n<\/tr>\n<tr class=\"odd\">\n<td>Toma Coconea \/ Adrian Pochiu<\/td>\n<\/tr>\n<tr class=\"odd\">\n<td>William Pardis \/ Andrea Casali<\/td>\n<\/tr>\n<\/tbody>\n<\/table>\n<\/div>\n<h1>X-Pyr previas<\/h1>\n<h1>Consulta los res\u00famenes de las ediciones anteriores de la X-Pyr<\/h1>\n<ul>\n<li>\n<p>        <img decoding=\"async\" src=\"\/img\/logos\/x-pyr\/logo_X-Pyr_azul_verde2012.svg\" alt=\"\"><\/p>\n<h1>2012<\/h1>\n<p><a href=\"http:\/\/dev-x-pyr.com\/es\/historia\/2012-h\/\"><\/a><\/p>\n<\/li>\n<li>\n<p>        <img decoding=\"async\" src=\"\/img\/logos\/x-pyr\/logo_X-Pyr_azul_verde2014.svg\" alt=\"\"><\/p>\n<h1>2014<\/h1>\n<p><a href=\"http:\/\/dev-x-pyr.com\/es\/historia\/2014-h\/\"><\/a><\/p>\n<\/li>\n<li>\n<p>        <img decoding=\"async\" src=\"\/img\/logos\/x-pyr\/logo_X-Pyr_azul_verde2016.svg\" alt=\"\"><\/p>\n<h1>2016<\/h1>\n<p><a href=\"http:\/\/dev-x-pyr.com\/es\/historia\/2016-h\/\"><\/a><\/p>\n<\/li>\n<li>\n<p>        <img decoding=\"async\" src=\"\/img\/logos\/x-pyr\/logo_X-Pyr_azul_verde2018.svg\" alt=\"\"><\/p>\n<h1>2018<\/h1>\n<p><a href=\"http:\/\/dev-x-pyr.com\/es\/historia\/2018-h\/\"><\/a><\/p>\n<\/li>\n<li>\n<p>        <img decoding=\"async\" src=\"\/img\/logos\/x-pyr\/logo_X-Pyr_azul_verde2022.svg\" alt=\"\"><\/p>\n<h1>2022<\/h1>\n<p><a href=\"http:\/\/dev-x-pyr.com\/es\/historia\/2022-h\/\"><\/a><\/p>\n<\/li>\n<li>\n<p>        <img decoding=\"async\" src=\"\/img\/logos\/x-pyr\/logo_X-Pyr_azul_verde2024.svg\" alt=\"\"><\/p>\n<h1>2024<\/h1>\n<p><a href=\"http:\/\/dev-x-pyr.com\/es\/historia\/2024-h\/\"><\/a><\/p>\n<\/li>\n<\/ul>\n<p><!--more--><br \/>\n<!-- {\"name\":\"2018_page\",\"type\":\"layout\",\"children\":[{\"type\":\"section\",\"props\":{\"image_position\":\"center-center\",\"style\":\"default\",\"title_breakpoint\":\"xl\",\"title_position\":\"top-left\",\"title_rotation\":\"left\",\"vertical_align\":\"\",\"width\":\"default\"},\"children\":[{\"type\":\"row\",\"children\":[{\"type\":\"column\",\"props\":{\"image_position\":\"center-center\",\"position_sticky_breakpoint\":\"m\"},\"children\":[{\"type\":\"image\",\"props\":{\"image\":\"img\/logos\/x-pyr\/logo_X-Pyr_azul_verde2020.svg\",\"image_svg_color\":\"emphasis\",\"image_width\":\"400\",\"margin_bottom\":\"default\",\"margin_top\":\"default\",\"text_align\":\"center\"}},{\"type\":\"headline\",\"props\":{\"content\":\"\n\n<p>El a\u00f1o de la COVID.\n\nDespu\u00e9s de preparar toda la carrera y seleccionar los equipos participantes, no fue posible realizar el evento debido a la crisis mundial de la pandemia de la COVID. <br \/>Por supuesto, hay cosas m\u00e1s importantes que la X-Pyr.\n\nEn cualquier caso, y aunque esta edici\u00f3n (casi) no existiera, hay que recordar a los equipos que fueron seleccionados para ella.\n\nEn 2020 la carrera fue creciendo. La organizaci\u00f3n volvi\u00f3 a aumentar el n\u00famero de equipos participantes a 45, debido al elevado n\u00famero de solicitudes.\n\nDesgraciadamente, no se public\u00f3 el recorrido, debido a la pandemia, y, por supuesto, no hubo clasificaciones ni livetrack.<\/p>\n\n \",\"image_align\":\"left\",\"image_margin\":\"xsmall\",\"title_element\":\"h1\",\"title_style\":\"h4\"}}]}]}]},{\"type\":\"section\",\"props\":{\"image_position\":\"center-center\",\"padding_top\":\"none\",\"style\":\"default\",\"title_breakpoint\":\"xl\",\"title_position\":\"top-left\",\"title_rotation\":\"left\",\"vertical_align\":\"\",\"width\":\"default\"},\"children\":[{\"type\":\"row\",\"children\":[{\"type\":\"column\",\"props\":{\"image_position\":\"center-center\",\"position_sticky_breakpoint\":\"m\"},\"children\":[{\"type\":\"image\",\"props\":{\"image\":\"\",\"image_svg_color\":\"emphasis\",\"margin_bottom\":\"default\",\"margin_top\":\"default\"}}]}]}]},{\"type\":\"section\",\"props\":{\"image_position\":\"center-center\",\"padding_top\":\"none\",\"style\":\"default\",\"title_breakpoint\":\"xl\",\"title_position\":\"top-left\",\"title_rotation\":\"left\",\"vertical_align\":\"\",\"width\":\"default\"},\"children\":[{\"type\":\"row\",\"children\":[{\"type\":\"column\",\"props\":{\"image_position\":\"center-center\",\"position_sticky_breakpoint\":\"m\"},\"children\":[{\"type\":\"headline\",\"props\":{\"content\":\"\",\"image_align\":\"left\",\"image_margin\":\"xsmall\",\"title_element\":\"h1\"}},{\"type\":\"text\",\"props\":{\"column_breakpoint\":\"m\",\"content\":\"\",\"margin_bottom\":\"remove\",\"margin_top\":\"default\"}},{\"type\":\"divider\",\"props\":{\"divider_element\":\"hr\"}},{\"type\":\"headline\",\"props\":{\"content\":\"Teams\",\"image_align\":\"left\",\"image_margin\":\"xsmall\",\"title_element\":\"h1\",\"title_style\":\"h3\"}},{\"type\":\"text\",\"props\":{\"column_breakpoint\":\"m\",\"content\":\"\",\"margin_bottom\":\"default\",\"margin_top\":\"remove\"}},{\"type\":\"headline\",\"props\":{\"content\":\"\",\"image_align\":\"left\",\"image_margin\":\"xsmall\",\"title_element\":\"h1\",\"title_style\":\"h3\"}},{\"type\":\"divider\",\"props\":{\"divider_element\":\"hr\"}},{\"type\":\"text\",\"props\":{\"column_breakpoint\":\"m\",\"content\":\"\n\n<table class=\\\"uk-table uk-table-striped uk-table-hover uk-table-small\\\" id=\\\"\\\" cellpadding=\\\"\\\">\\n\n\n<thead>\\n\n\n<tr>\\n\n\n<th class=\\\"header\\\">Pilot \/ Assistant<\/th>\n\n\\n<\/tr>\n\n\\n<\/thead>\n\n\\n\n\n<tbody>\\n\n\n<tr class=\\\"odd\\\">\\n\n\n<td>Andreas Viehb\u00f6ck \/ Berthold Stadler<\/td>\n\n\\n<\/tr>\n\n\\n\n\n<tr class=\\\"even\\\">\\n\n\n<td>Andrei Mashak \/ Andrey Bukin<\/td>\n\n\\n<\/tr>\n\n\\n\n\n<tr class=\\\"odd\\\">\\n\n\n<td>Antonio Ramos \/ Luis Felipe Tudela<\/td>\n\n\\n<\/tr>\n\n\\n\n\n<tr class=\\\"even\\\">\\n\n\n<td>Bar\u0131\u015f \u00c7elik \/ Met\u00edn Kavuncuo<\/td>\n\n\\n<\/tr>\n\n\\n\n\n<tr class=\\\"odd\\\">\\n\n\n<td>Bogdan - Tudor Selever \/ Aurelian Orheanu<\/td>\n\n\\n<\/tr>\n\n\\n\n\n<tr class=\\\"even\\\">\\n\n\n<td>Cedar Wright \/ Mike Lester<\/td>\n\n\\n<\/tr>\n\n\\n\n\n<tr class=\\\"odd\\\">\\n\n\n<td>Christoph F\u00e4ssler \/ Ren\u00e9 Schimenz<\/td>\n\n\\n<\/tr>\n\n\\n\n\n<tr class=\\\"even\\\">\\n\n\n<td>Dagfinn Graneng \/ Hallvard Mager\u00f8y<\/td>\n\n\\n<\/tr>\n\n\\n\n\n<tr class=\\\"odd\\\">\\n\n\n<td>Damien Lacaze \/ Sol\u00e8ne Rombourg<\/td>\n\n\\n<\/tr>\n\n\\n\n\n<tr class=\\\"even\\\">\\n\n\n<td>David Lia\u00f1o \/ Alejandro Gonz\u00e1lez<\/td>\n\n\\n<\/tr>\n\n\\n\n\n<tr class=\\\"odd\\\">\\n\n\n<td>Dominika Kasieczko \/ Pawel Biegun<\/td>\n\n\\n<\/tr>\n\n\\n\n\n<tr class=\\\"even\\\">\\n\n\n<td>Edouard Potel \/ Simon Tattevin<\/td>\n\n\\n<\/tr>\n\n\\n\n\n<tr class=\\\"odd\\\">\\n\n\n<td>Eliya Soar Zemmour \/ Ohayon Omri<\/td>\n\n\\n<\/tr>\n\n\\n\n\n<tr class=\\\"even\\\">\\n\n\n<td>Fabian Umbricht \/ Stephanie Westerhuis<\/td>\n\n\\n<\/tr>\n\n\\n\n\n<tr class=\\\"odd\\\">\\n\n\n<td>Fran\u00e7ois Perie \/ Est\u00e9ban Bourroufi\u00e8s<\/td>\n\n\\n<\/tr>\n\n\\n\n\n<tr class=\\\"even\\\">\\n\n\n<td>Fr\u00e9d\u00e9ric Juvaux \/ Fabrice Ich\u00e9<\/td>\n\n\\n<\/tr>\n\n\\n\n\n<tr class=\\\"odd\\\">\\n\n\n<td>Hanes K\u00e4mpf \/ Andr\u00e9 Glauser<\/td>\n\n\\n<\/tr>\n\n\\n\n\n<tr class=\\\"even\\\">\\n\n\n<td>Jakub Be\u0148o \/ Maro\u0161 Kurek<\/td>\n\n\\n<\/tr>\n\n\\n\n\n<tr class=\\\"odd\\\">\\n\n\n<td>James Hope-Lang \/ Andy Read<\/td>\n\n\\n<\/tr>\n\n\\n\n\n<tr class=\\\"even\\\">\\n\n\n<td>Jo\u00e3o Pedro Simonsen \/ Renata de Mattos Granda<\/td>\n\n\\n<\/tr>\n\n\\n\n\n<tr class=\\\"odd\\\">\\n\n\n<td>Jordi Vilalta \/ Albert Cantenys<\/td>\n\n\\n<\/tr>\n\n\\n\n\n<tr class=\\\"even\\\">\\n\n\n<td>Jos\u00e9 Ignacio Ar\u00e9valo \/ Francisco Javier Delgado<\/td>\n\n\\n<\/tr>\n\n\\n\n\n<tr class=\\\"odd\\\">\\n\n\n<td>Juraj Kore\u0148 \/ Zdeno Vacke<\/td>\n\n\\n<\/tr>\n\n\\n\n\n<tr class=\\\"even\\\">\\n\n\n<td>Luis Linde \/ Nacho Recas<\/td>\n\n\\n<\/tr>\n\n\\n\n\n<tr class=\\\"odd\\\">\\n\n\n<td>Manuel Bustos \/ Israel Gonz\u00e1lez<\/td>\n\n\\n<\/tr>\n\n\\n\n\n<tr class=\\\"even\\\">\\n\n\n<td>Manuel N\u00fcbel \/ Sascha Rentel<\/td>\n\n\\n<\/tr>\n\n\\n\n\n<tr class=\\\"odd\\\">\\n\n\n<td>Maxime Pinot \/ J\u00e9r\u00e9mie Lager<\/td>\n\n\\n<\/tr>\n\n\\n\n\n<tr class=\\\"even\\\">\\n\n\n<td>Maximo Vela \/ Sergio De Lis<\/td>\n\n\\n<\/tr>\n\n\\n\n\n<tr class=\\\"odd\\\">\\n\n\n<td>Michal Gierlach \/ Maciej Zietara<\/td>\n\n\\n<\/tr>\n\n\\n\n\n<tr class=\\\"even\\\">\\n\n\n<td>Mitchel Riley \/ Violeta Jim\u00e9nez<\/td>\n\n\\n<\/tr>\n\n\\n\n\n<tr class=\\\"odd\\\">\\n\n\n<td>Patrick Sieber \/ Manon Haar<\/td>\n\n\\n<\/tr>\n\n\\n\n\n<tr class=\\\"even\\\">\\n\n\n<td>Paul de Boer \/ Hugo Robben<\/td>\n\n\\n<\/tr>\n\n\\n\n\n<tr class=\\\"odd\\\">\\n\n\n<td>Pier Paolo Role \/ Marco Appino<\/td>\n\n\\n<\/tr>\n\n\\n\n\n<tr class=\\\"even\\\">\\n\n\n<td>Pierre Remy \/ Benjamin Gaudry<\/td>\n\n\\n<\/tr>\n\n\\n\n\n<tr class=\\\"odd\\\">\\n\n\n<td>Samuel Vurpillot \/ Pascale Menu<\/td>\n\n\\n<\/tr>\n\n\\n\n\n<tr class=\\\"odd\\\">\\n\n\n<td>Sergi Claret \/ David Polo<\/td>\n\n\\n<\/tr>\n\n\\n\n\n<tr class=\\\"odd\\\">\\n\n\n<td>Shane Tighe \/ Molly McEwin<\/td>\n\n\\n<\/tr>\n\n\\n\n\n<tr class=\\\"odd\\\">\\n\n\n<td>Simon Oberrauner \/ Simon Volker<\/td>\n\n\\n<\/tr>\n\n\\n\n\n<tr class=\\\"odd\\\">\\n\n\n<td>Stanislav Mayer \/ Stanislav Hruban<\/td>\n\n\\n<\/tr>\n\n\\n\n\n<tr class=\\\"odd\\\">\\n\n\n<td>Toma Coconea \/ Adrian Pochiu<\/td>\n\n\\n<\/tr>\n\n\\n\n\n<tr class=\\\"odd\\\">\\n\n\n<td>William Pardis \/ Andrea Casali<\/td>\n\n\\n<\/tr>\n\n\\n<\/tbody>\n\n\\n<\/table>\n\n\",\"margin_bottom\":\"default\",\"margin_top\":\"default\"}}]}]}]},{\"type\":\"section\",\"props\":{\"image_height\":\"500\",\"image_position\":\"center-right\",\"image_width\":\"500\",\"style\":\"secondary\",\"title_breakpoint\":\"xl\",\"title_position\":\"top-left\",\"title_rotation\":\"left\",\"vertical_align\":\"\",\"width\":\"default\"},\"children\":[{\"type\":\"row\",\"children\":[{\"type\":\"column\",\"props\":{\"image_position\":\"center-center\",\"position_sticky_breakpoint\":\"m\"},\"children\":[{\"type\":\"headline\",\"props\":{\"content\":\"X-Pyr previas\",\"image_align\":\"left\",\"image_margin\":\"xsmall\",\"title_element\":\"h1\"}},{\"type\":\"headline\",\"props\":{\"content\":\"Consulta los res\u00famenes de las ediciones anteriores de la X-Pyr\",\"image_align\":\"left\",\"image_margin\":\"xsmall\",\"title_element\":\"h1\",\"title_font_family\":\"default\",\"title_style\":\"h4\"}},{\"type\":\"grid\",\"props\":{\"content_column_breakpoint\":\"m\",\"filter_align\":\"left\",\"filter_all\":true,\"filter_grid_breakpoint\":\"m\",\"filter_grid_width\":\"auto\",\"filter_position\":\"top\",\"filter_style\":\"tab\",\"grid_column_gap\":\"small\",\"grid_default\":\"auto\",\"grid_divider\":false,\"grid_large\":\"auto\",\"grid_medium\":\"auto\",\"grid_row_gap\":\"small\",\"grid_small\":\"auto\",\"grid_xlarge\":\"5\",\"image_align\":\"top\",\"image_grid_breakpoint\":\"m\",\"image_grid_width\":\"1-2\",\"image_svg_color\":\"emphasis\",\"image_width\":\"280\",\"item_animation\":true,\"lightbox_bg_close\":true,\"link_style\":\"default\",\"link_target\":false,\"link_text\":\"\",\"margin_bottom\":\"default\",\"margin_top\":\"default\",\"meta_align\":\"below-title\",\"meta_element\":\"div\",\"meta_style\":\"text-meta\",\"panel_image_no_padding\":true,\"panel_link\":true,\"panel_link_hover\":\"true\",\"panel_style\":\"tile-muted\",\"parallax_easing\":\"1\",\"show_content\":true,\"show_hover_image\":true,\"show_hover_video\":true,\"show_image\":true,\"show_link\":true,\"show_meta\":true,\"show_title\":true,\"show_video\":true,\"text_align\":\"center\",\"title_align\":\"top\",\"title_color\":\"success\",\"title_element\":\"h1\",\"title_font_family\":\"secondary\",\"title_grid_breakpoint\":\"m\",\"title_grid_width\":\"1-2\",\"title_hover_style\":\"reset\",\"title_style\":\"h2\"},\"children\":[{\"type\":\"grid_item\",\"props\":{\"image\":\"img\/logos\/x-pyr\/logo_X-Pyr_azul_verde2012.svg\",\"link\":\"es\/history\/2012-h\/\",\"title\":\"2012\"}},{\"type\":\"grid_item\",\"props\":{\"image\":\"img\/logos\/x-pyr\/logo_X-Pyr_azul_verde2014.svg\",\"link\":\"es\/history\/2014-h\/\",\"title\":\"2014\"}},{\"type\":\"grid_item\",\"props\":{\"image\":\"img\/logos\/x-pyr\/logo_X-Pyr_azul_verde2016.svg\",\"link\":\"es\/history\/2016-h\/\",\"title\":\"2016\"}},{\"type\":\"grid_item\",\"props\":{\"image\":\"img\/logos\/x-pyr\/logo_X-Pyr_azul_verde2018.svg\",\"link\":\"es\/history\/2018-h\/\",\"title\":\"2018\"}},{\"type\":\"grid_item\",\"props\":{\"image\":\"img\/logos\/x-pyr\/logo_X-Pyr_azul_verde2022.svg\",\"link\":\"es\/history\/2022-h\/\",\"title\":\"2022\"}},{\"type\":\"grid_item\",\"props\":{\"image\":\"img\/logos\/x-pyr\/logo_X-Pyr_azul_verde2024.svg\",\"link\":\"es\/history\/2024-h\/\",\"title\":\"2024\"}}]}]}]}],\"name\":\"submenu_previous_editions\"}],\"version\":\"5.0.7\",\"yooessentialsVersion\":\"3.0.0-beta.8\"} --><\/p>\n","protected":false},"excerpt":{"rendered":"<p>El a\u00f1o de la COVID. Despu\u00e9s de preparar toda la carrera y seleccionar los equipos participantes, no fue posible realizar el evento debido a la crisis mundial de la pandemia de la COVID. Por supuesto, hay cosas m\u00e1s importantes que la X-Pyr. En cualquier caso, y aunque esta edici\u00f3n (casi) no existiera, hay que recordar [&hellip;]<\/p>\n","protected":false},"author":3,"featured_media":0,"parent":31817,"menu_order":2020,"comment_status":"closed","ping_status":"closed","template":"","meta":{"_acf_changed":false,"footnotes":""},"class_list":["post-38668","page","type-page","status-publish","hentry"],"acf":[],"_links":{"self":[{"href":"http:\/\/dev-x-pyr.com\/es\/wp-json\/wp\/v2\/pages\/38668","targetHints":{"allow":["GET"]}}],"collection":[{"href":"http:\/\/dev-x-pyr.com\/es\/wp-json\/wp\/v2\/pages"}],"about":[{"href":"http:\/\/dev-x-pyr.com\/es\/wp-json\/wp\/v2\/types\/page"}],"author":[{"embeddable":true,"href":"http:\/\/dev-x-pyr.com\/es\/wp-json\/wp\/v2\/users\/3"}],"replies":[{"embeddable":true,"href":"http:\/\/dev-x-pyr.com\/es\/wp-json\/wp\/v2\/comments?post=38668"}],"version-history":[{"count":7,"href":"http:\/\/dev-x-pyr.com\/es\/wp-json\/wp\/v2\/pages\/38668\/revisions"}],"predecessor-version":[{"id":42566,"href":"http:\/\/dev-x-pyr.com\/es\/wp-json\/wp\/v2\/pages\/38668\/revisions\/42566"}],"up":[{"embeddable":true,"href":"http:\/\/dev-x-pyr.com\/es\/wp-json\/wp\/v2\/pages\/31817"}],"wp:attachment":[{"href":"http:\/\/dev-x-pyr.com\/es\/wp-json\/wp\/v2\/media?parent=38668"}],"curies":[{"name":"wp","href":"https:\/\/api.w.org\/{rel}","templated":true}]}}