{"id":40708,"date":"2024-06-19T11:48:48","date_gmt":"2024-06-19T09:48:48","guid":{"rendered":"http:\/\/dev-x-pyr.com\/x-pyr-the-meteo-forecast\/"},"modified":"2024-06-24T21:33:24","modified_gmt":"2024-06-24T19:33:24","slug":"x-pyr-the-meteo-forecast","status":"publish","type":"page","link":"http:\/\/dev-x-pyr.com\/es\/x-pyr-the-meteo-forecast\/","title":{"rendered":"X-Pyr &#8211; Previsi\u00f3n m\u00e9teo"},"content":{"rendered":"<h1>M\u00c9TEO &#8211; Por Fabian Umbricht<\/h1>\n<div>\n<\/div>\n<p><!--more--><br \/>\n<!-- {\"type\":\"layout\",\"children\":[{\"type\":\"section\",\"props\":{\"image_position\":\"center-center\",\"style\":\"default\",\"title_breakpoint\":\"xl\",\"title_position\":\"top-left\",\"title_rotation\":\"left\",\"vertical_align\":\"middle\",\"width\":\"default\"},\"children\":[{\"type\":\"row\",\"children\":[{\"type\":\"column\",\"props\":{\"image_position\":\"center-center\",\"position_sticky_breakpoint\":\"m\"},\"children\":[{\"type\":\"headline\",\"props\":{\"content\":\"M\\u00c9TEO - Por Fabian Umbricht\",\"title_element\":\"h1\"}}]}]}]},{\"type\":\"section\",\"props\":{\"image_position\":\"center-center\",\"style\":\"default\",\"title_breakpoint\":\"xl\",\"title_position\":\"top-left\",\"title_rotation\":\"left\",\"vertical_align\":\"middle\",\"width\":\"default\"},\"children\":[{\"type\":\"row\",\"children\":[{\"type\":\"column\",\"props\":{\"image_position\":\"center-center\",\"position_sticky_breakpoint\":\"m\"},\"children\":[{\"type\":\"grid\",\"props\":{\"content_column_breakpoint\":\"m\",\"filter\":false,\"filter_align\":\"left\",\"filter_all\":true,\"filter_grid_breakpoint\":\"m\",\"filter_grid_width\":\"auto\",\"filter_position\":\"top\",\"filter_style\":\"tab\",\"grid_column_align\":true,\"grid_default\":\"1\",\"grid_divider\":false,\"grid_medium\":\"3\",\"icon_width\":80,\"image_align\":\"top\",\"image_border\":\"rounded\",\"image_box_shadow\":\"small\",\"image_grid_breakpoint\":\"m\",\"image_grid_width\":\"1-2\",\"image_link\":true,\"image_svg_color\":\"emphasis\",\"image_transition\":\"scale-up\",\"item_animation\":true,\"link_style\":\"default\",\"link_text\":\"\",\"margin\":\"default\",\"meta_align\":\"below-title\",\"meta_element\":\"div\",\"meta_style\":\"text-meta\",\"panel_link\":false,\"show_content\":false,\"show_image\":true,\"show_link\":true,\"show_meta\":false,\"show_title\":true,\"title_align\":\"top\",\"title_element\":\"h3\",\"title_grid_breakpoint\":\"m\",\"title_grid_width\":\"1-2\",\"title_hover_style\":\"reset\",\"title_link\":true},\"children\":[{\"type\":\"grid_item\",\"source\":{\"query\":{\"name\":\"posts.customPosts\",\"arguments\":{\"terms\":[629],\"category_operator\":\"IN\",\"post_tag_operator\":\"IN\",\"users\":[],\"users_operator\":\"IN\",\"offset\":0,\"limit\":10,\"order\":\"date\",\"order_direction\":\"DESC\"}},\"props\":{\"content\":{\"filters\":{\"search\":\"\"},\"arguments\":{\"show_intro_text\":true},\"name\":\"content\"},\"image\":{\"filters\":{\"search\":\"\"},\"name\":\"featuredImage.url\"},\"link\":{\"filters\":{\"search\":\"\"},\"name\":\"link\"},\"title\":{\"filters\":{\"search\":\"\"},\"name\":\"title\"}}},\"props\":{\"panel_style\":\"card-default\"}}]}]}]}]}],\"version\":\"4.4.4\",\"yooessentialsVersion\":\"2.2.14\"} --><\/p>\n","protected":false},"excerpt":{"rendered":"<p>M\u00c9TEO &#8211; Por Fabian Umbricht<\/p>\n","protected":false},"author":3,"featured_media":0,"parent":0,"menu_order":0,"comment_status":"closed","ping_status":"closed","template":"","meta":{"_acf_changed":false,"footnotes":""},"class_list":["post-40708","page","type-page","status-publish","hentry"],"acf":[],"_links":{"self":[{"href":"http:\/\/dev-x-pyr.com\/es\/wp-json\/wp\/v2\/pages\/40708","targetHints":{"allow":["GET"]}}],"collection":[{"href":"http:\/\/dev-x-pyr.com\/es\/wp-json\/wp\/v2\/pages"}],"about":[{"href":"http:\/\/dev-x-pyr.com\/es\/wp-json\/wp\/v2\/types\/page"}],"author":[{"embeddable":true,"href":"http:\/\/dev-x-pyr.com\/es\/wp-json\/wp\/v2\/users\/3"}],"replies":[{"embeddable":true,"href":"http:\/\/dev-x-pyr.com\/es\/wp-json\/wp\/v2\/comments?post=40708"}],"version-history":[{"count":3,"href":"http:\/\/dev-x-pyr.com\/es\/wp-json\/wp\/v2\/pages\/40708\/revisions"}],"predecessor-version":[{"id":41289,"href":"http:\/\/dev-x-pyr.com\/es\/wp-json\/wp\/v2\/pages\/40708\/revisions\/41289"}],"wp:attachment":[{"href":"http:\/\/dev-x-pyr.com\/es\/wp-json\/wp\/v2\/media?parent=40708"}],"curies":[{"name":"wp","href":"https:\/\/api.w.org\/{rel}","templated":true}]}}